{"id":2582,"date":"2021-09-01T15:34:30","date_gmt":"2021-09-01T14:34:30","guid":{"rendered":"https:\/\/betskiredj.com\/www\/?page_id=2582"},"modified":"2021-12-28T10:45:26","modified_gmt":"2021-12-28T09:45:26","slug":"ouvrages-darts","status":"publish","type":"page","link":"https:\/\/betskiredj.com\/www\/ouvrages-darts\/","title":{"rendered":"Travaux publics et ouvrages d&rsquo;arts"},"content":{"rendered":"<p>Ponts Cadres, Ponts pr\u00e9contraints, Ponts Dalles, Routes, Autoroutes, <a href=\"https:\/\/betskiredj.com\/www\/ouvrages-darts\/voirie-reseaux-divers\/\">Voirie et r\u00e9seaux<\/a> d\u2019infrastructure ?<br \/>\nBET SKIREDJ est l\u2019expert qui vous accompagne, optimise vos projets et propose les solutions techniques et \u00e9conomiques les plus ad\u00e9quates.<\/p>\n<p>Expert en ing\u00e9nierie multidisciplinaire du <a href=\"https:\/\/betskiredj.com\/www\/batiment\/\">b\u00e2timent<\/a> et des <a href=\"https:\/\/betskiredj.com\/www\/ouvrages-darts\/\">travaux publics<\/a>, BET SKIREDJ vous conseille, \u00e9labore les \u00e9tudes techniques et strat\u00e9giques, assure l\u2019assistance \u00e0 ma\u00eetrise d\u2019ouvrage, coordonne tous les intervenants afin que votre projet aboutisse conform\u00e9ment \u00e0 vos attentes, \u00e0 la ma\u00eetrise des co\u00fbts et aux normes l\u00e9gales, environnementales et de s\u00e9curit\u00e9.<\/p>\n<p>&nbsp;<\/p>\n<p><a href=\"https:\/\/betskiredj.com\/www\/wp-content\/uploads\/2016\/01\/Expertise-technique2-e1454076698826.jpg\"><img fetchpriority=\"high\" decoding=\"async\" class=\"aligncenter wp-image-330 size-full\" src=\"https:\/\/betskiredj.com\/www\/wp-content\/uploads\/2016\/01\/Expertise-technique2-e1454076698826.jpg\" alt=\"Conception et Calcul d'un ouvrage d'art\" width=\"1038\" height=\"459\" srcset=\"https:\/\/betskiredj.com\/www\/wp-content\/uploads\/2016\/01\/Expertise-technique2-e1454076698826.jpg 1038w, https:\/\/betskiredj.com\/www\/wp-content\/uploads\/2016\/01\/Expertise-technique2-e1454076698826-300x133.jpg 300w, https:\/\/betskiredj.com\/www\/wp-content\/uploads\/2016\/01\/Expertise-technique2-e1454076698826-768x340.jpg 768w, https:\/\/betskiredj.com\/www\/wp-content\/uploads\/2016\/01\/Expertise-technique2-e1454076698826-1024x453.jpg 1024w\" sizes=\"(max-width: 1038px) 100vw, 1038px\" \/><\/a><\/p>\n<p>&nbsp;<\/p>\n<h2>NOTRE GARANTIE<\/h2>\n<p>Parce qu\u2019une mauvaise ma\u00eetrise des \u00e9tudes initiales et de l\u2019ing\u00e9nierie peut avoir des impacts financiers d\u00e9sastreux ( retard de livraison donc pertes d\u2019exploitation), BET SKIREDJ apporte une garantie de bonne fin \u00e0 la r\u00e9ussite de vos projets comme elle l\u2019a fait pour les 800 r\u00e9alisations d\u00e9j\u00e0 \u00e0 son actif.<\/p>\n<p>&nbsp;<\/p>\n<p>&nbsp;<\/p>\n<h2>NOS PLUS VALUES<\/h2>\n<p>&#8211; Technique : votre construction est conforme aux r\u00e8gles de l\u2019art et les d\u00e9tails de construction sont ma\u00eetris\u00e9s.<\/p>\n<p>&#8211; Financi\u00e8re : faire intervenir la bonne entreprise au bon moment pour optimiser les co\u00fbts.<\/p>\n<p>&#8211; S\u00e9curitaire : limiter la coactivit\u00e9 pour que les entreprises ne se mettent pas en danger l\u2019une l\u2019autre en d\u00e9finissant des zones et p\u00e9riodes d\u2019intervention.<\/p>\n<p>&#8211; Image : Parce qu\u2019un chantier propre et bien tenu donne une image positive du promoteur ou du ma\u00eetre d\u2019ouvrage qui le construit.<\/p>\n<p>&nbsp;<\/p>\n<p><a href=\"https:\/\/betskiredj.com\/www\/wp-content\/uploads\/2016\/01\/pont-2418-e1454077196506.jpg\"><img decoding=\"async\" class=\"aligncenter wp-image-440 size-full\" src=\"https:\/\/betskiredj.com\/www\/wp-content\/uploads\/2016\/01\/pont-2418-e1454077196506.jpg\" alt=\"Pont Dalle Chantier LGV SEA\" width=\"1038\" height=\"459\" srcset=\"https:\/\/betskiredj.com\/www\/wp-content\/uploads\/2016\/01\/pont-2418-e1454077196506.jpg 1038w, https:\/\/betskiredj.com\/www\/wp-content\/uploads\/2016\/01\/pont-2418-e1454077196506-300x133.jpg 300w, https:\/\/betskiredj.com\/www\/wp-content\/uploads\/2016\/01\/pont-2418-e1454077196506-768x340.jpg 768w, https:\/\/betskiredj.com\/www\/wp-content\/uploads\/2016\/01\/pont-2418-e1454077196506-1024x453.jpg 1024w\" sizes=\"(max-width: 1038px) 100vw, 1038px\" \/><\/a><\/p>\n<p>&nbsp;<\/p>\n<p>&nbsp;<\/p>\n<h2>L\u2019\u00c9CLAIRAGE DE NIZAR SKIREDJ<\/h2>\n<p>\u00ab Notre exp\u00e9rience significative sur des projets d\u2019envergure tels la Ligne Grande Vitesse entre Tours et Bordeaux (en France) ou le <a href=\"https:\/\/betskiredj.com\/www\/projet\/pont-de-malabata\/\">pont de Malabata<\/a> (\u00e0 Tanger) nous permet d\u2019 appr\u00e9hender d\u2019autant mieux les enjeux de tels ouvrages. \u00bb<\/p>\n","protected":false},"excerpt":{"rendered":"<p>Ponts Cadres, Ponts pr\u00e9contraints, Ponts Dalles, Routes, Autoroutes, Voirie et r\u00e9seaux d\u2019infrastructure ? BET SKIREDJ est l\u2019expert qui vous accompagne, optimise vos projets et propose les solutions techniques et \u00e9conomiques les plus ad\u00e9quates. Expert en ing\u00e9nierie multidisciplinaire du b\u00e2timent et des travaux publics, BET SKIREDJ vous conseille, \u00e9labore les \u00e9tudes techniques et strat\u00e9giques, assure l\u2019assistance [&hellip;]<\/p>\n","protected":false},"author":2,"featured_media":0,"parent":0,"menu_order":0,"comment_status":"closed","ping_status":"closed","template":"","meta":{"_acf_changed":false,"footnotes":""},"folder":[202],"class_list":["post-2582","page","type-page","status-publish","hentry"],"acf":[],"_links":{"self":[{"href":"https:\/\/betskiredj.com\/www\/wp-json\/wp\/v2\/pages\/2582","targetHints":{"allow":["GET"]}}],"collection":[{"href":"https:\/\/betskiredj.com\/www\/wp-json\/wp\/v2\/pages"}],"about":[{"href":"https:\/\/betskiredj.com\/www\/wp-json\/wp\/v2\/types\/page"}],"author":[{"embeddable":true,"href":"https:\/\/betskiredj.com\/www\/wp-json\/wp\/v2\/users\/2"}],"replies":[{"embeddable":true,"href":"https:\/\/betskiredj.com\/www\/wp-json\/wp\/v2\/comments?post=2582"}],"version-history":[{"count":0,"href":"https:\/\/betskiredj.com\/www\/wp-json\/wp\/v2\/pages\/2582\/revisions"}],"wp:attachment":[{"href":"https:\/\/betskiredj.com\/www\/wp-json\/wp\/v2\/media?parent=2582"}],"wp:term":[{"taxonomy":"folder","embeddable":true,"href":"https:\/\/betskiredj.com\/www\/wp-json\/wp\/v2\/folder?post=2582"}],"curies":[{"name":"wp","href":"https:\/\/api.w.org\/{rel}","templated":true}]}}