{"id":2586,"date":"2021-09-01T15:36:39","date_gmt":"2021-09-01T14:36:39","guid":{"rendered":"https:\/\/betskiredj.com\/www\/?page_id=2586"},"modified":"2021-12-28T10:46:58","modified_gmt":"2021-12-28T09:46:58","slug":"genie-civil","status":"publish","type":"page","link":"https:\/\/betskiredj.com\/www\/genie-civil\/","title":{"rendered":"G\u00e9nie civil"},"content":{"rendered":"<p>Expert en g\u00e9nie civil, BET SKIREDJ dispose de toutes les comp\u00e9tences techniques pour intervenir sur les structures, l\u2019hydraulique, la m\u00e9canique des sols et les fondations, ou encore les transports. Dans le cadre de nos 800 r\u00e9alisations, nous avons d\u00e9velopp\u00e9 des comp\u00e9tences reconnues dans les domaines du <a href=\"https:\/\/betskiredj.com\/www\/genie-civil\/genie-civil-hydraulique\/\">g\u00e9nie civil hydraulique<\/a>, <a href=\"https:\/\/betskiredj.com\/www\/genie-civil\/genie-civil-maritime\/\">maritime<\/a> ou encore le <a href=\"https:\/\/betskiredj.com\/www\/genie-civil\/genie-civil-special\/\">g\u00e9nie civil industriel<\/a>.<\/p>\n<p>&nbsp;<\/p>\n<p>&nbsp;<\/p>\n<p>&nbsp;<\/p>\n<p>&nbsp;<\/p>\n<p><a href=\"https:\/\/betskiredj.com\/www\/wp-content\/uploads\/2016\/01\/Genie-Civil-Modelisation-e1454074981551.jpg\"><img fetchpriority=\"high\" decoding=\"async\" class=\"aligncenter wp-image-432 size-full\" src=\"https:\/\/betskiredj.com\/www\/wp-content\/uploads\/2016\/01\/Genie-Civil-Modelisation-e1454074981551.jpg\" alt=\"Genie Civil Industriel Charpente m\u00e9tallique\" width=\"1038\" height=\"459\" srcset=\"https:\/\/betskiredj.com\/www\/wp-content\/uploads\/2016\/01\/Genie-Civil-Modelisation-e1454074981551.jpg 1038w, https:\/\/betskiredj.com\/www\/wp-content\/uploads\/2016\/01\/Genie-Civil-Modelisation-e1454074981551-300x133.jpg 300w, https:\/\/betskiredj.com\/www\/wp-content\/uploads\/2016\/01\/Genie-Civil-Modelisation-e1454074981551-768x340.jpg 768w, https:\/\/betskiredj.com\/www\/wp-content\/uploads\/2016\/01\/Genie-Civil-Modelisation-e1454074981551-1024x453.jpg 1024w\" sizes=\"(max-width: 1038px) 100vw, 1038px\" \/><\/a><\/p>\n<p>&nbsp;<\/p>\n<p>&nbsp;<\/p>\n<h2><\/h2>\n<h2>NOTRE GARANTIE<\/h2>\n<p>Dans le cadre d\u2019une \u00e9tude initiale, capitale \u00e0 la bonne r\u00e9ussite du projet, BET SKIREDJ d\u00e9termine les meilleures solutions \u00e0 adopter en fonction du projet et de vos besoins.<\/p>\n<p>&nbsp;<\/p>\n<p>&nbsp;<\/p>\n<h2>NOS PLUS VALUES<\/h2>\n<p><a href=\"https:\/\/betskiredj.com\/www\/wp-content\/uploads\/2016\/01\/Genie-Civil-Silos-e1454075913958.jpg\"><img decoding=\"async\" class=\"aligncenter wp-image-437 size-full\" src=\"https:\/\/betskiredj.com\/www\/wp-content\/uploads\/2016\/01\/Genie-Civil-Silos-e1454075913958.jpg\" alt=\"\" width=\"1038\" height=\"459\" srcset=\"https:\/\/betskiredj.com\/www\/wp-content\/uploads\/2016\/01\/Genie-Civil-Silos-e1454075913958.jpg 1038w, https:\/\/betskiredj.com\/www\/wp-content\/uploads\/2016\/01\/Genie-Civil-Silos-e1454075913958-300x133.jpg 300w, https:\/\/betskiredj.com\/www\/wp-content\/uploads\/2016\/01\/Genie-Civil-Silos-e1454075913958-768x340.jpg 768w, https:\/\/betskiredj.com\/www\/wp-content\/uploads\/2016\/01\/Genie-Civil-Silos-e1454075913958-1024x453.jpg 1024w\" sizes=\"(max-width: 1038px) 100vw, 1038px\" \/><\/a><\/p>\n<p>&nbsp;<\/p>\n<p>&#8211; Technique : votre construction est conforme aux r\u00e8gles de l\u2019art et les d\u00e9tails de construction sont ma\u00eetris\u00e9s.<\/p>\n<p>&#8211; Financi\u00e8re : faire intervenir la bonne entreprise au bon moment pour optimiser les co\u00fbts.<\/p>\n<p>&#8211; S\u00e9curitaire : limiter la coactivit\u00e9 pour que les entreprises ne se mettent pas en danger l\u2019une l\u2019autre en d\u00e9finissant des zones et p\u00e9riodes d\u2019intervention.<\/p>\n<p>&#8211; Image : Parce qu\u2019un chantier propre et bien tenu donne une image positive du promoteur ou du ma\u00eetre d\u2019ouvrage qui le construit.<\/p>\n<p>&nbsp;<\/p>\n<p>&nbsp;<\/p>\n<h2>L\u2019\u00c9CLAIRAGE DE NIZAR SKIREDJ<\/h2>\n<blockquote><p>\u00ab\u00a0Nous comptons plusieurs r\u00e9alisations \u00e0 notre actif, avec des clients de renomm\u00e9e nationale et internationale. Notre bureau d\u2019\u00e9tudes a accompagn\u00e9 le d\u00e9veloppement industriel de Tanger et alentours et a r\u00e9alis\u00e9 de multiples projets d\u2019\u00e9tudes de g\u00e9nie civil industriel.\u00a0\u00bb<\/p><\/blockquote>\n","protected":false},"excerpt":{"rendered":"<p>Expert en g\u00e9nie civil, BET SKIREDJ dispose de toutes les comp\u00e9tences techniques pour intervenir sur les structures, l\u2019hydraulique, la m\u00e9canique des sols et les fondations, ou encore les transports. Dans le cadre de nos 800 r\u00e9alisations, nous avons d\u00e9velopp\u00e9 des comp\u00e9tences reconnues dans les domaines du g\u00e9nie civil hydraulique, maritime ou encore le g\u00e9nie civil [&hellip;]<\/p>\n","protected":false},"author":2,"featured_media":0,"parent":0,"menu_order":0,"comment_status":"closed","ping_status":"closed","template":"","meta":{"_acf_changed":false,"footnotes":""},"folder":[202],"class_list":["post-2586","page","type-page","status-publish","hentry"],"acf":[],"_links":{"self":[{"href":"https:\/\/betskiredj.com\/www\/wp-json\/wp\/v2\/pages\/2586","targetHints":{"allow":["GET"]}}],"collection":[{"href":"https:\/\/betskiredj.com\/www\/wp-json\/wp\/v2\/pages"}],"about":[{"href":"https:\/\/betskiredj.com\/www\/wp-json\/wp\/v2\/types\/page"}],"author":[{"embeddable":true,"href":"https:\/\/betskiredj.com\/www\/wp-json\/wp\/v2\/users\/2"}],"replies":[{"embeddable":true,"href":"https:\/\/betskiredj.com\/www\/wp-json\/wp\/v2\/comments?post=2586"}],"version-history":[{"count":0,"href":"https:\/\/betskiredj.com\/www\/wp-json\/wp\/v2\/pages\/2586\/revisions"}],"wp:attachment":[{"href":"https:\/\/betskiredj.com\/www\/wp-json\/wp\/v2\/media?parent=2586"}],"wp:term":[{"taxonomy":"folder","embeddable":true,"href":"https:\/\/betskiredj.com\/www\/wp-json\/wp\/v2\/folder?post=2586"}],"curies":[{"name":"wp","href":"https:\/\/api.w.org\/{rel}","templated":true}]}}