{"id":2613,"date":"2021-09-01T15:45:04","date_gmt":"2021-09-01T14:45:04","guid":{"rendered":"https:\/\/betskiredj.com\/www\/?page_id=2613"},"modified":"2024-12-15T00:53:16","modified_gmt":"2024-12-14T23:53:16","slug":"espace-client","status":"publish","type":"page","link":"https:\/\/betskiredj.com\/www\/espace-client\/","title":{"rendered":"Espace client"},"content":{"rendered":"\t\t<div data-elementor-type=\"wp-page\" data-elementor-id=\"2613\" class=\"elementor elementor-2613\" data-elementor-post-type=\"page\">\n\t\t\t\t\t\t<section class=\"elementor-section elementor-top-section elementor-element elementor-element-1d5ff959 elementor-section-full_width elementor-section-content-middle elementor-section-height-min-height elementor-section-height-default elementor-section-items-middle\" data-id=\"1d5ff959\" data-element_type=\"section\" data-e-type=\"section\" data-settings=\"{&quot;background_background&quot;:&quot;classic&quot;}\">\n\t\t\t\t\t\t\t<div class=\"elementor-background-overlay\"><\/div>\n\t\t\t\t\t\t\t<div class=\"elementor-container elementor-column-gap-no\">\n\t\t\t\t\t<div class=\"elementor-column elementor-col-100 elementor-top-column elementor-element elementor-element-54f4d45a\" data-id=\"54f4d45a\" data-element_type=\"column\" data-e-type=\"column\">\n\t\t\t<div class=\"elementor-widget-wrap elementor-element-populated\">\n\t\t\t\t\t\t<div class=\"elementor-element elementor-element-1a00bf96 elementor-widget elementor-widget-pp-breadcrumbs\" data-id=\"1a00bf96\" data-element_type=\"widget\" data-e-type=\"widget\" data-settings=\"{&quot;breadcrumbs_type&quot;:&quot;powerpack&quot;}\" data-widget_type=\"pp-breadcrumbs.default\">\n\t\t\t\t<div class=\"elementor-widget-container\">\n\t\t\t\t\t<ul class=\"pp-breadcrumbs pp-breadcrumbs-powerpack\">\t\t<li class=\"pp-breadcrumbs-item pp-breadcrumbs-item-home\">\n\t\t\t<a class=\"pp-breadcrumbs-crumb pp-breadcrumbs-crumb-link pp-breadcrumbs-crumb-home\" href=\"https:\/\/betskiredj.com\/www\" title=\"\">\n\t\t\t\t<span class=\"pp-breadcrumbs-text\">\n\t\t\t\t\t\t\t\t\t\t\t<span class=\"pp-icon\">\n\t\t\t\t\t\t\t<i aria-hidden=\"true\" class=\"iconsv2- icons-v2-homeIcon\"><\/i>\t\t\t\t\t\t<\/span>\n\t\t\t\t\t\t\t\t\t\t\t\t\t\t<\/span>\n\t\t\t<\/a>\n\t\t<\/li>\n\t\t<li class=\"pp-breadcrumbs-separator\"><span class=\"pp-breadcrumbs-separator-text\">\/<\/span><\/li><\/ul>\t\t\t\t<\/div>\n\t\t\t\t<\/div>\n\t\t\t\t\t<\/div>\n\t\t<\/div>\n\t\t\t\t\t<\/div>\n\t\t<\/section>\n\t\t\t\t<section class=\"elementor-section elementor-top-section elementor-element elementor-element-8cd2b46 elementor-section-height-min-height elementor-section-items-top elementor-section-content-middle elementor-section-boxed elementor-section-height-default\" data-id=\"8cd2b46\" data-element_type=\"section\" data-e-type=\"section\" data-settings=\"{&quot;background_background&quot;:&quot;classic&quot;}\">\n\t\t\t\t\t\t<div class=\"elementor-container elementor-column-gap-default\">\n\t\t\t\t\t<div class=\"elementor-column elementor-col-100 elementor-top-column elementor-element elementor-element-af86eef\" data-id=\"af86eef\" data-element_type=\"column\" data-e-type=\"column\">\n\t\t\t<div class=\"elementor-widget-wrap elementor-element-populated\">\n\t\t\t\t\t\t<div class=\"elementor-element elementor-element-8b6db5d elementor-widget elementor-widget-heading\" data-id=\"8b6db5d\" data-element_type=\"widget\" data-e-type=\"widget\" data-widget_type=\"heading.default\">\n\t\t\t\t<div class=\"elementor-widget-container\">\n\t\t\t\t\t<h1 class=\"elementor-heading-title elementor-size-default\">Espace client<\/h1>\t\t\t\t<\/div>\n\t\t\t\t<\/div>\n\t\t\t\t<div class=\"elementor-element elementor-element-e8ff1d9 elementor-widget elementor-widget-text-editor\" data-id=\"e8ff1d9\" data-element_type=\"widget\" data-e-type=\"widget\" data-widget_type=\"text-editor.default\">\n\t\t\t\t<div class=\"elementor-widget-container\">\n\t\t\t\t\t\t\t\t\t<p>Veuillez choisir votre solution :<\/p>\t\t\t\t\t\t\t\t<\/div>\n\t\t\t\t<\/div>\n\t\t\t\t<section class=\"elementor-section elementor-inner-section elementor-element elementor-element-1f456e0 elementor-section-boxed elementor-section-height-default elementor-section-height-default\" data-id=\"1f456e0\" data-element_type=\"section\" data-e-type=\"section\">\n\t\t\t\t\t\t<div class=\"elementor-container elementor-column-gap-default\">\n\t\t\t\t\t<div class=\"elementor-column elementor-col-100 elementor-inner-column elementor-element elementor-element-db9ea84\" data-id=\"db9ea84\" data-element_type=\"column\" data-e-type=\"column\">\n\t\t\t<div class=\"elementor-widget-wrap elementor-element-populated\">\n\t\t\t\t\t\t<div class=\"elementor-element elementor-element-10f658d elementor-position-inline-start elementor-widget__width-initial elementor-widget-tablet__width-initial elementor-widget-mobile__width-inherit elementor-view-default elementor-mobile-position-block-start elementor-widget elementor-widget-icon-box\" data-id=\"10f658d\" data-element_type=\"widget\" data-e-type=\"widget\" data-widget_type=\"icon-box.default\">\n\t\t\t\t<div class=\"elementor-widget-container\">\n\t\t\t\t\t\t\t<div class=\"elementor-icon-box-wrapper\">\n\n\t\t\t\t\t\t<div class=\"elementor-icon-box-icon\">\n\t\t\t\t<a href=\"http:\/\/ged.betskiredj.com\" class=\"elementor-icon\" tabindex=\"-1\" aria-label=\"SkEngineering DOC\">\n\t\t\t\t<i aria-hidden=\"true\" class=\"iconsv2- icons-v2-documentIcon\"><\/i>\t\t\t\t<\/a>\n\t\t\t<\/div>\n\t\t\t\n\t\t\t\t\t\t<div class=\"elementor-icon-box-content\">\n\n\t\t\t\t\t\t\t\t\t<h3 class=\"elementor-icon-box-title\">\n\t\t\t\t\t\t<a href=\"http:\/\/ged.betskiredj.com\" >\n\t\t\t\t\t\t\tSkEngineering DOC\t\t\t\t\t\t<\/a>\n\t\t\t\t\t<\/h3>\n\t\t\t\t\n\t\t\t\t\n\t\t\t<\/div>\n\t\t\t\n\t\t<\/div>\n\t\t\t\t\t\t<\/div>\n\t\t\t\t<\/div>\n\t\t\t\t<div class=\"elementor-element elementor-element-c8b894e elementor-position-inline-start elementor-widget__width-initial elementor-widget-tablet__width-initial elementor-widget-mobile__width-inherit elementor-view-default elementor-mobile-position-block-start elementor-widget elementor-widget-icon-box\" data-id=\"c8b894e\" data-element_type=\"widget\" data-e-type=\"widget\" data-widget_type=\"icon-box.default\">\n\t\t\t\t<div class=\"elementor-widget-container\">\n\t\t\t\t\t\t\t<div class=\"elementor-icon-box-wrapper\">\n\n\t\t\t\t\t\t<div class=\"elementor-icon-box-icon\">\n\t\t\t\t<a href=\"http:\/\/skengineering.ma\/\" class=\"elementor-icon\" tabindex=\"-1\" aria-label=\"SkEngineering 3D\" target=\"_blank\" rel=\"noopener\">\n\t\t\t\t<svg xmlns=\"http:\/\/www.w3.org\/2000\/svg\" width=\"72\" height=\"72\" viewBox=\"0 0 72 72\" fill=\"none\"><rect width=\"72\" height=\"72\" fill=\"#FF9933\"><\/rect><path d=\"M21.253 45.9178L34.6721 53.6652C35.0533 53.8846 35.4853 54 35.9251 54C36.3649 54 36.7969 53.8846 37.1781 53.6652L50.5973 45.9177C50.9778 45.6972 51.2938 45.3807 51.5136 44.9999C51.7335 44.6191 51.8496 44.1872 51.8504 43.7474V28.2525C51.8496 27.8128 51.7335 27.3809 51.5137 27C51.2938 26.6192 50.9778 26.3027 50.5973 26.0822L37.1782 18.3347C36.797 18.1154 36.3649 18 35.9252 18C35.4854 18 35.0533 18.1154 34.6722 18.3347L21.253 26.0822C20.8725 26.3027 20.5566 26.6192 20.3367 27C20.1168 27.3809 20.0007 27.8128 20 28.2525V43.7475C20.0007 44.1873 20.1168 44.6192 20.3367 45C20.5566 45.3808 20.8725 45.6973 21.253 45.9178V45.9178ZM37.1781 21.2285L49.3442 28.2525V42.1436L37.1781 35.2672V21.2285ZM35.9211 37.4353L48.2285 44.3917L35.9254 51.4948L23.6178 44.3894L35.9211 37.4353ZM22.506 28.2525L34.6721 21.2285V35.2623L22.506 42.139V28.2525Z\" fill=\"white\"><\/path><\/svg>\t\t\t\t<\/a>\n\t\t\t<\/div>\n\t\t\t\n\t\t\t\t\t\t<div class=\"elementor-icon-box-content\">\n\n\t\t\t\t\t\t\t\t\t<h3 class=\"elementor-icon-box-title\">\n\t\t\t\t\t\t<a href=\"http:\/\/skengineering.ma\/\" target=\"_blank\" rel=\"noopener\">\n\t\t\t\t\t\t\tSkEngineering 3D\t\t\t\t\t\t<\/a>\n\t\t\t\t\t<\/h3>\n\t\t\t\t\n\t\t\t\t\n\t\t\t<\/div>\n\t\t\t\n\t\t<\/div>\n\t\t\t\t\t\t<\/div>\n\t\t\t\t<\/div>\n\t\t\t\t\t<\/div>\n\t\t<\/div>\n\t\t\t\t\t<\/div>\n\t\t<\/section>\n\t\t\t\t<section class=\"elementor-section elementor-inner-section elementor-element elementor-element-36194c1 elementor-section-boxed elementor-section-height-default elementor-section-height-default\" data-id=\"36194c1\" data-element_type=\"section\" data-e-type=\"section\">\n\t\t\t\t\t\t<div class=\"elementor-container elementor-column-gap-default\">\n\t\t\t\t\t<div class=\"elementor-column elementor-col-100 elementor-inner-column elementor-element elementor-element-f53a7f4\" data-id=\"f53a7f4\" data-element_type=\"column\" data-e-type=\"column\">\n\t\t\t<div class=\"elementor-widget-wrap elementor-element-populated\">\n\t\t\t\t\t\t<div class=\"elementor-element elementor-element-94b410a elementor-position-inline-start elementor-widget__width-initial elementor-widget-tablet__width-initial elementor-widget-mobile__width-inherit elementor-view-default elementor-mobile-position-block-start elementor-widget elementor-widget-icon-box\" data-id=\"94b410a\" data-element_type=\"widget\" data-e-type=\"widget\" data-widget_type=\"icon-box.default\">\n\t\t\t\t<div class=\"elementor-widget-container\">\n\t\t\t\t\t\t\t<div class=\"elementor-icon-box-wrapper\">\n\n\t\t\t\t\t\t<div class=\"elementor-icon-box-icon\">\n\t\t\t\t<a href=\"http:\/\/eklosionbim.com\" class=\"elementor-icon\" tabindex=\"-1\" aria-label=\"eKlosion BIM\" target=\"_blank\" rel=\"noopener\">\n\t\t\t\t<svg xmlns=\"http:\/\/www.w3.org\/2000\/svg\" width=\"72\" height=\"72\" viewBox=\"0 0 72 72\" fill=\"none\"><rect width=\"72\" height=\"72\" fill=\"#9966FF\"><\/rect><path d=\"M50.1758 28.2848C49.58 25.3676 47.9903 22.7477 45.678 20.8721C43.3658 18.9965 40.4742 17.9814 37.4969 18.0003C34.5197 18.0191 31.6412 19.0706 29.3528 20.9752C27.0644 22.8799 25.508 25.5198 24.9491 28.4442C22.5761 28.8666 20.4474 30.1628 18.9829 32.0773C17.5185 33.9917 16.8245 36.3854 17.0379 38.7863C17.2512 41.1872 18.3564 43.421 20.1356 45.0472C21.9147 46.6733 24.2385 47.5739 26.6489 47.5712H27.2918V44.9997H26.6489C24.8135 45.0044 23.0483 44.2949 21.7268 43.0213C20.4053 41.7477 19.6311 40.0099 19.5681 38.1756C19.5051 36.3413 20.1583 34.5545 21.3894 33.1933C22.6204 31.832 24.3328 31.0031 26.1642 30.882L27.2403 30.8087L27.3561 29.7377C27.6165 27.3459 28.7078 25.1214 30.4398 23.4516C32.1718 21.7817 34.4347 20.7725 36.8343 20.5996C39.234 20.4267 41.6182 21.1012 43.5717 22.5056C45.5251 23.9099 46.924 25.9551 47.5245 28.2848H50.1758Z\" fill=\"white\"><\/path><path d=\"M53.007 30.8564H40.1494C39.4676 30.8571 38.8139 31.1283 38.3318 31.6104C37.8497 32.0925 37.5785 32.7462 37.5779 33.428V38.571H32.4348C31.753 38.5717 31.0993 38.8428 30.6172 39.325C30.1351 39.8071 29.864 40.4607 29.8633 41.1425V54.0002H55.5785V33.428C55.5778 32.7462 55.3067 32.0925 54.8246 31.6104C54.3425 31.1283 53.6888 30.8571 53.007 30.8564ZM32.4348 51.4286V41.1425H37.5779V51.4286H32.4348ZM53.007 51.4286H40.1494V33.428H53.007V51.4286Z\" fill=\"white\"><\/path><path d=\"M42.7207 35.999H45.2922V41.1421H42.7207V35.999Z\" fill=\"white\"><\/path><path d=\"M47.8638 35.999H50.4353V41.1421H47.8638V35.999Z\" fill=\"white\"><\/path><path d=\"M42.7207 43.7139H45.2922V48.8569H42.7207V43.7139Z\" fill=\"white\"><\/path><path d=\"M47.8638 43.7139H50.4353V48.8569H47.8638V43.7139Z\" fill=\"white\"><\/path><\/svg>\t\t\t\t<\/a>\n\t\t\t<\/div>\n\t\t\t\n\t\t\t\t\t\t<div class=\"elementor-icon-box-content\">\n\n\t\t\t\t\t\t\t\t\t<h3 class=\"elementor-icon-box-title\">\n\t\t\t\t\t\t<a href=\"http:\/\/eklosionbim.com\" target=\"_blank\" rel=\"noopener\">\n\t\t\t\t\t\t\teKlosion BIM\t\t\t\t\t\t<\/a>\n\t\t\t\t\t<\/h3>\n\t\t\t\t\n\t\t\t\t\n\t\t\t<\/div>\n\t\t\t\n\t\t<\/div>\n\t\t\t\t\t\t<\/div>\n\t\t\t\t<\/div>\n\t\t\t\t<div class=\"elementor-element elementor-element-68b9573 elementor-position-inline-start elementor-widget__width-initial elementor-widget-tablet__width-initial elementor-widget-mobile__width-inherit elementor-view-default elementor-mobile-position-block-start elementor-widget elementor-widget-icon-box\" data-id=\"68b9573\" data-element_type=\"widget\" data-e-type=\"widget\" data-widget_type=\"icon-box.default\">\n\t\t\t\t<div class=\"elementor-widget-container\">\n\t\t\t\t\t\t\t<div class=\"elementor-icon-box-wrapper\">\n\n\t\t\t\t\t\t<div class=\"elementor-icon-box-icon\">\n\t\t\t\t<a href=\"https:\/\/formation-bim.com\/\" class=\"elementor-icon\" tabindex=\"-1\" aria-label=\"Formation BIM\" target=\"_blank\" rel=\"noopener\">\n\t\t\t\t<svg xmlns=\"http:\/\/www.w3.org\/2000\/svg\" width=\"72\" height=\"72\" viewBox=\"0 0 72 72\" fill=\"none\"><rect width=\"72\" height=\"72\" fill=\"#33CC33\"><\/rect><path d=\"M46.1429 54H25.5714C24.8897 53.9993 24.236 53.7282 23.7539 53.2461C23.2718 52.764 23.0007 52.1103 23 51.4286V20.5714C23.0007 19.8897 23.2718 19.236 23.7539 18.7539C24.236 18.2718 24.8897 18.0007 25.5714 18H46.1429C46.8246 18.0007 47.4783 18.2718 47.9604 18.7539C48.4425 19.236 48.7136 19.8897 48.7143 20.5714V41.9374L42.2857 38.7231L35.8571 41.9374V20.5714H25.5714V51.4286H46.1429V46.2857H48.7143V51.4286C48.7133 52.1102 48.442 52.7637 47.96 53.2457C47.478 53.7277 46.8245 53.999 46.1429 54ZM42.2857 35.8483L46.1429 37.7769V20.5714H38.4286V37.7769L42.2857 35.8483Z\" fill=\"white\"><\/path><\/svg>\t\t\t\t<\/a>\n\t\t\t<\/div>\n\t\t\t\n\t\t\t\t\t\t<div class=\"elementor-icon-box-content\">\n\n\t\t\t\t\t\t\t\t\t<h3 class=\"elementor-icon-box-title\">\n\t\t\t\t\t\t<a href=\"https:\/\/formation-bim.com\/\" target=\"_blank\" rel=\"noopener\">\n\t\t\t\t\t\t\tFormation BIM\t\t\t\t\t\t<\/a>\n\t\t\t\t\t<\/h3>\n\t\t\t\t\n\t\t\t\t\n\t\t\t<\/div>\n\t\t\t\n\t\t<\/div>\n\t\t\t\t\t\t<\/div>\n\t\t\t\t<\/div>\n\t\t\t\t\t<\/div>\n\t\t<\/div>\n\t\t\t\t\t<\/div>\n\t\t<\/section>\n\t\t\t\t\t<\/div>\n\t\t<\/div>\n\t\t\t\t\t<\/div>\n\t\t<\/section>\n\t\t\t\t<section class=\"elementor-section elementor-top-section elementor-element elementor-element-b1e1ba3 elementor-section-boxed elementor-section-height-default elementor-section-height-default\" data-id=\"b1e1ba3\" data-element_type=\"section\" data-e-type=\"section\">\n\t\t\t\t\t\t<div class=\"elementor-container elementor-column-gap-default\">\n\t\t\t\t\t<div class=\"elementor-column elementor-col-100 elementor-top-column elementor-element elementor-element-89a2e61\" data-id=\"89a2e61\" data-element_type=\"column\" data-e-type=\"column\">\n\t\t\t<div class=\"elementor-widget-wrap elementor-element-populated\">\n\t\t\t\t\t\t<div class=\"elementor-element elementor-element-5fd8dd7 elementor-widget elementor-widget-heading\" data-id=\"5fd8dd7\" data-element_type=\"widget\" data-e-type=\"widget\" data-widget_type=\"heading.default\">\n\t\t\t\t<div class=\"elementor-widget-container\">\n\t\t\t\t\t<h2 class=\"elementor-heading-title elementor-size-default\">Nous avons d\u00e9j\u00e0 travaill\u00e9 ensmble ? Votre avis nous int\u00e9resse, notez notre prestation !\n<\/h2>\t\t\t\t<\/div>\n\t\t\t\t<\/div>\n\t\t\t\t\t<\/div>\n\t\t<\/div>\n\t\t\t\t\t<\/div>\n\t\t<\/section>\n\t\t\t\t<section class=\"elementor-section elementor-top-section elementor-element elementor-element-a381888 elementor-section-boxed elementor-section-height-default elementor-section-height-default\" data-id=\"a381888\" data-element_type=\"section\" data-e-type=\"section\">\n\t\t\t\t\t\t<div class=\"elementor-container elementor-column-gap-default\">\n\t\t\t\t\t<div class=\"elementor-column elementor-col-100 elementor-top-column elementor-element elementor-element-49f5842\" data-id=\"49f5842\" data-element_type=\"column\" data-e-type=\"column\">\n\t\t\t<div class=\"elementor-widget-wrap elementor-element-populated\">\n\t\t\t\t\t\t<div class=\"elementor-element elementor-element-575bed1 elementor-widget elementor-widget-html\" data-id=\"575bed1\" data-element_type=\"widget\" data-e-type=\"widget\" data-widget_type=\"html.default\">\n\t\t\t\t<div class=\"elementor-widget-container\">\n\t\t\t\t\t<!-- TrustBox widget - Micro Review Count -->\n<div class=\"trustpilot-widget\" data-locale=\"fr-FR\" data-template-id=\"5419b6a8b0d04a076446a9ad\" data-businessunit-id=\"614a04a0186a64001d9bcd16\" data-style-height=\"24px\" data-style-width=\"100%\" data-theme=\"light\" data-min-review-count=\"10\">\n  <a href=\"https:\/\/fr.trustpilot.com\/review\/betskiredj.com\" target=\"_blank\" rel=\"noopener\">Trustpilot<\/a>\n<\/div>\n<!-- End TrustBox widget -->\t\t\t\t<\/div>\n\t\t\t\t<\/div>\n\t\t\t\t\t<\/div>\n\t\t<\/div>\n\t\t\t\t\t<\/div>\n\t\t<\/section>\n\t\t\t\t<\/div>\n\t\t","protected":false},"excerpt":{"rendered":"<p>\/ Espace client Veuillez choisir votre solution : SkEngineering DOC SkEngineering 3D eKlosion BIM Formation BIM Nous avons d\u00e9j\u00e0 travaill\u00e9 ensmble ? Votre avis nous int\u00e9resse, notez notre prestation ! Trustpilot<\/p>\n","protected":false},"author":2,"featured_media":0,"parent":0,"menu_order":0,"comment_status":"closed","ping_status":"closed","template":"elementor_header_footer","meta":{"_acf_changed":false,"footnotes":""},"folder":[251],"class_list":["post-2613","page","type-page","status-publish","hentry"],"acf":[],"_links":{"self":[{"href":"https:\/\/betskiredj.com\/www\/wp-json\/wp\/v2\/pages\/2613","targetHints":{"allow":["GET"]}}],"collection":[{"href":"https:\/\/betskiredj.com\/www\/wp-json\/wp\/v2\/pages"}],"about":[{"href":"https:\/\/betskiredj.com\/www\/wp-json\/wp\/v2\/types\/page"}],"author":[{"embeddable":true,"href":"https:\/\/betskiredj.com\/www\/wp-json\/wp\/v2\/users\/2"}],"replies":[{"embeddable":true,"href":"https:\/\/betskiredj.com\/www\/wp-json\/wp\/v2\/comments?post=2613"}],"version-history":[{"count":3,"href":"https:\/\/betskiredj.com\/www\/wp-json\/wp\/v2\/pages\/2613\/revisions"}],"predecessor-version":[{"id":328328,"href":"https:\/\/betskiredj.com\/www\/wp-json\/wp\/v2\/pages\/2613\/revisions\/328328"}],"wp:attachment":[{"href":"https:\/\/betskiredj.com\/www\/wp-json\/wp\/v2\/media?parent=2613"}],"wp:term":[{"taxonomy":"folder","embeddable":true,"href":"https:\/\/betskiredj.com\/www\/wp-json\/wp\/v2\/folder?post=2613"}],"curies":[{"name":"wp","href":"https:\/\/api.w.org\/{rel}","templated":true}]}}