{"id":5454,"date":"2021-10-11T13:08:57","date_gmt":"2021-10-11T12:08:57","guid":{"rendered":"https:\/\/betskiredj.com\/www\/?page_id=5454"},"modified":"2022-01-13T14:37:36","modified_gmt":"2022-01-13T13:37:36","slug":"structure","status":"publish","type":"page","link":"https:\/\/betskiredj.com\/www\/batiment\/structure\/","title":{"rendered":"Structure"},"content":{"rendered":"<h2>Qu&rsquo;est-ce qu&rsquo;une expertise structure dans le domaine du b\u00e2timent ?<\/h2>\n<p>&nbsp;<\/p>\n<p>&nbsp;<\/p>\n<p>L&rsquo;expertise de la structure concerne en fait l&rsquo;\u00e9tude de toute l\u2019enveloppe du <a href=\"https:\/\/betskiredj.com\/www\/batiment\/\">b\u00e2timent<\/a>, en d&rsquo;autres termes le squelette du b\u00e2timent.<\/p>\n<p>Cette expertise permet en fait de comprendre comment se comporte le b\u00e2timent \u00e0 long terme en fonction de son exploitation.<\/p>\n<p>Un b\u00e2timent peut avoir une finalit\u00e9 et une destination qui est diff\u00e9rente. En fonction de sa finalit\u00e9, nous allons mod\u00e9liser le b\u00e2timent d\u2019un point de vue physique avec les diff\u00e9rents \u00e9l\u00e9ments de sa structure et \u00e9tudier le comportement de chacun de ces \u00e9l\u00e9ments de la mod\u00e9lisation: les poteaux, les poutres, les planchers.<\/p>\n<p>&nbsp;<\/p>\n<p><a href=\"https:\/\/betskiredj.com\/www\/wp-content\/uploads\/2022\/01\/Structure-C11.png\"><img fetchpriority=\"high\" decoding=\"async\" class=\"wp-image-6876 size-full aligncenter\" src=\"https:\/\/betskiredj.com\/www\/wp-content\/uploads\/2022\/01\/Structure-C11.png\" alt=\"\" width=\"1400\" height=\"751\" srcset=\"https:\/\/betskiredj.com\/www\/wp-content\/uploads\/2022\/01\/Structure-C11.png 1400w, https:\/\/betskiredj.com\/www\/wp-content\/uploads\/2022\/01\/Structure-C11-300x161.png 300w, https:\/\/betskiredj.com\/www\/wp-content\/uploads\/2022\/01\/Structure-C11-1024x549.png 1024w, https:\/\/betskiredj.com\/www\/wp-content\/uploads\/2022\/01\/Structure-C11-768x412.png 768w\" sizes=\"(max-width: 1400px) 100vw, 1400px\" \/><\/a><\/p>\n<p>On va pouvoir estimer la d\u00e9formation de ces \u00e9l\u00e9ments et pouvoir les dimensionner pour l&rsquo;utilisation des b\u00e2timents, on ne calcule pas une biblioth\u00e8que par exemple comme on calcule un b\u00e2timent d&rsquo;habitation. Il y a un autre volet aussi dans l&rsquo;\u00e9tude structurel compl\u00e8te qui concerne le volet parasismique, c&rsquo;est-\u00e0-dire d&rsquo;estimer et de mod\u00e9liser la r\u00e9ponse au s\u00e9isme du b\u00e2timent, c&rsquo;est-\u00e0-dire \u00e0 Tanger comment va r\u00e9agir le b\u00e2timent en cas de s\u00e9isme.<\/p>\n<p>&nbsp;<\/p>\n<p><a href=\"https:\/\/betskiredj.com\/www\/wp-content\/uploads\/2022\/01\/Structure-C11-deformee.png\"><img decoding=\"async\" class=\"wp-image-6878 size-full aligncenter\" src=\"https:\/\/betskiredj.com\/www\/wp-content\/uploads\/2022\/01\/Structure-C11-deformee.png\" alt=\"\" width=\"1400\" height=\"751\" srcset=\"https:\/\/betskiredj.com\/www\/wp-content\/uploads\/2022\/01\/Structure-C11-deformee.png 1400w, https:\/\/betskiredj.com\/www\/wp-content\/uploads\/2022\/01\/Structure-C11-deformee-300x161.png 300w, https:\/\/betskiredj.com\/www\/wp-content\/uploads\/2022\/01\/Structure-C11-deformee-1024x549.png 1024w, https:\/\/betskiredj.com\/www\/wp-content\/uploads\/2022\/01\/Structure-C11-deformee-768x412.png 768w\" sizes=\"(max-width: 1400px) 100vw, 1400px\" \/><\/a><\/p>\n<p>&nbsp;<\/p>\n<p>Cette sp\u00e9cialit\u00e9 de structure est d\u00e9clin\u00e9e dans des sous-sp\u00e9cialit\u00e9s qui d\u00e9pendent du mat\u00e9riau. On peut construire un b\u00e2timent en b\u00e9ton arm\u00e9 ou en b\u00e9ton pr\u00e9contraint, donc le jeu va \u00eatre de dimensionner ces \u00e9l\u00e9ments l\u00e0 en fonction toujours de l&rsquo;utilisation du b\u00e2timent, on peut aussi \u00e9tudier des b\u00e2timents en charpente m\u00e9tallique pour des usines par exemple ou pour des b\u00e2timents \u00e0 une architecture un peu plus libre, ou encore pour d&rsquo;autres finalit\u00e9s\u2026 Mais toujours l&rsquo;objectif va \u00eatre de dimensionner les \u00e9l\u00e9ments porteurs de cette structure et d\u2019estimer leur d\u00e9formation, d&rsquo;optimiser leur dimensionnement et de savoir comment ils r\u00e9agissent sous l&rsquo;effet des charges et sous l&rsquo;effet des charges quelle qu&rsquo;elle soit, c&rsquo;est-\u00e0-dire en l&rsquo;occurrence pour la charpente m\u00e9tallique, le vent, le s\u00e9isme, ou les charges d&rsquo;exploitation b\u00e2timent. On peut aussi imaginer construire dans d&rsquo;autres mat\u00e9riaux, par exemple actuellement nous avons en cours d&rsquo;\u00e9tude une villa en terre, sur laquelle on va essayer de mod\u00e9liser les caract\u00e9ristiques m\u00e9caniques et physiques de la terre qu&rsquo;on va utiliser, pour justement savoir comment r\u00e9pond le b\u00e2timent aux diff\u00e9rentes sollicitations, c&rsquo;est-\u00e0-dire les charges, toujours la m\u00eame chose, d\u2019exploitation, les charges permanentes, les charges de vents, de s\u00e9ismes &#8230;Donc la sp\u00e9cialit\u00e9 de la structure en fait revient \u00e0 dire que nous mod\u00e9lisons les b\u00e2timents pour, en fonction de leur exploitation, savoir comment ils se comportent sous ses diff\u00e9rentes charges ou sollicitations.<\/p>\n<p>&nbsp;<\/p>\n<h2>Quels sont les plus de BET SKIREDJ en terme d\u2019expertise structurelle dans les b\u00e2timents ?<\/h2>\n<p>Notre expertise nous permet d&rsquo;affiner les sections qui sont calcul\u00e9s et d\u2019essayer d&rsquo;optimiser l&rsquo;utilisation des mat\u00e9riaux et donc des co\u00fbts des projets. Les autres avantages \u00e0 travailler avec nous sont la rigueur du suivi, mais aussi l&rsquo;intelligence. Par intelligence, nous entendons expertise <a href=\"https:\/\/betskiredj.com\/www\/presentation-du-bim\/\">BIM (Building Information Modeling)<\/a>.<\/p>\n<p>Avec cette expertise, sur le volet structure, BET SKIREDJ est capable de planifier, par exemple en quatre dimensions, la r\u00e9alisation du projet pour voir le s\u00e9quen\u00e7age, mais aussi de le budg\u00e9tiser. Toute modification d\u2019une partie ou d&rsquo;une autre par un architecte ou par un ma\u00eetre d&rsquo;ouvrage, ou encore par le propri\u00e9taire du futur b\u00e2timent, va avoir un impact direct et sera calcul\u00e9 dynamiquement. C\u2019est-\u00e0-dire que si on change le dimensionnement d&rsquo;une poutre par exemple, l&rsquo;impact budg\u00e9taire est automatiquement calculable instantan\u00e9ment. Pareil pour la partie planification, si on change un type de plancher, nous reprendrons le planning et on le verra d&rsquo;une mani\u00e8re visuelle. Ce d\u00e9roul\u00e9 est la 5<sup>\u00e8me<\/sup> dimension. Pour la 6<sup>\u00e8me<\/sup> dimension c&rsquo;est-\u00e0-dire l&rsquo;impact environnemental, on pourra faire une \u00e9tude carbone du\u00a0 b\u00e2timent et avoir son impact de carbone en direct. On pourra aussi documenter pour la 7<sup>\u00e8me<\/sup> dimension toute la partie maintenance, et faire un tra\u00e7age par exemple des profil\u00e9s d\u2019une structure m\u00e9tallique, et savoir exactement d&rsquo;o\u00f9 vient ce profil\u00e9, o\u00f9 il a \u00e9t\u00e9 coul\u00e9, comment il a \u00e9t\u00e9 transport\u00e9 et jusqu&rsquo;o\u00f9 il a \u00e9t\u00e9 install\u00e9, c&rsquo;est-\u00e0-dire son rep\u00e9rage et sa fiche technique incluse dans son mod\u00e8le. <em>Voil\u00e0 ce sont les plus de notre expertise structure en b\u00e2timent !<\/em><\/p>\n<p>&nbsp;<\/p>\n<h2>Quels sont les projets les plus repr\u00e9sentatifs de cette expertise structure ?<\/h2>\n<p>Si on d\u00e9cline ces projets par sous-discipline, en b\u00e9ton arm\u00e9 le projet phare est <a href=\"https:\/\/betskiredj.com\/www\/projet\/tanger-city-center\/\">Tanger City Center<\/a>, nous avons aussi r\u00e9alis\u00e9 beaucoup de complexes immobiliers comme le <a href=\"https:\/\/betskiredj.com\/www\/projet\/residences-shakira-tranche-2\/\">complexe de\u00a0Shakira<\/a> qui est en face du Mac Donald&rsquo;s de la route de Rabat, nous avons travaill\u00e9 aussi sur des restructurations et sur des r\u00e9habilitations de b\u00e2timents historiques comme la Villa de France ou dans d&rsquo;autres b\u00e2timents historiques, o\u00f9 cette expertise est un peu plus d\u00e9taill\u00e9e, parce qu\u2019on part d\u2019un existant et on essaie de le remettre aux normes.<br \/>\nVoil\u00e0 quelques exemples de b\u00e2timents en b\u00e9ton arm\u00e9. En charpente m\u00e9tallique, nous avons r\u00e9alis\u00e9 par exemple les entrep\u00f4ts de stockage logistique d\u2019Industube en 2014, qui comprennent tout le b\u00e2timent en charpente et des ponts roulants, qui vont permettre de charger et de g\u00e9rer la partie logistique \u00e0 l\u2019int\u00e9rieur du b\u00e2timent. Nous avons aussi d&rsquo;autres r\u00e9f\u00e9rences qui sont internationales, comme Jacob Delafon, o\u00f9 on a fait une extension en 2011, et o\u00f9, actuellement et justement, on est en train de retravailler sur des sujets en charpente. D\u2019autres usines, par exemple, sont celles qu\u2019on a faite au niveau des zones franches, et des zones existantes \u00e0 Moghogha \u00e0 Tanger, ou m\u00eame dans d\u2019autres villes, comme l\u2019usine de la mise en eau de l\u2019eau Chefchaouen, qui est \u00e0 l\u2019entr\u00e9e de la ville. Voil\u00e0 quelques projets repr\u00e9sentatifs de ce p\u00f4le.<br \/>\nPour la construction en bois, nous avons aujourd\u2019hui des planchers particuliers, par exemple justement dans la villa de France, o\u00f9 on a d\u00fb faire intervenir cette expertise, pour dimensionner ses planchers comme il se doit et les reconstituer \u00e0 l\u2019identique, en\u00a0s\u2019assurant qu\u2019ils r\u00e9pondent aux normes actuelles.<\/p>\n<p>&nbsp;<\/p>\n","protected":false},"excerpt":{"rendered":"<p>Qu&rsquo;est-ce qu&rsquo;une expertise structure dans le domaine du b\u00e2timent ? &nbsp; &nbsp; L&rsquo;expertise de la structure concerne en fait l&rsquo;\u00e9tude de toute l\u2019enveloppe du b\u00e2timent, en d&rsquo;autres termes le squelette du b\u00e2timent. Cette expertise permet en fait de comprendre comment se comporte le b\u00e2timent \u00e0 long terme en fonction de son exploitation. Un b\u00e2timent peut [&hellip;]<\/p>\n","protected":false},"author":2,"featured_media":0,"parent":2580,"menu_order":0,"comment_status":"closed","ping_status":"closed","template":"","meta":{"_acf_changed":false,"footnotes":""},"folder":[202],"class_list":["post-5454","page","type-page","status-publish","hentry"],"acf":[],"_links":{"self":[{"href":"https:\/\/betskiredj.com\/www\/wp-json\/wp\/v2\/pages\/5454","targetHints":{"allow":["GET"]}}],"collection":[{"href":"https:\/\/betskiredj.com\/www\/wp-json\/wp\/v2\/pages"}],"about":[{"href":"https:\/\/betskiredj.com\/www\/wp-json\/wp\/v2\/types\/page"}],"author":[{"embeddable":true,"href":"https:\/\/betskiredj.com\/www\/wp-json\/wp\/v2\/users\/2"}],"replies":[{"embeddable":true,"href":"https:\/\/betskiredj.com\/www\/wp-json\/wp\/v2\/comments?post=5454"}],"version-history":[{"count":0,"href":"https:\/\/betskiredj.com\/www\/wp-json\/wp\/v2\/pages\/5454\/revisions"}],"up":[{"embeddable":true,"href":"https:\/\/betskiredj.com\/www\/wp-json\/wp\/v2\/pages\/2580"}],"wp:attachment":[{"href":"https:\/\/betskiredj.com\/www\/wp-json\/wp\/v2\/media?parent=5454"}],"wp:term":[{"taxonomy":"folder","embeddable":true,"href":"https:\/\/betskiredj.com\/www\/wp-json\/wp\/v2\/folder?post=5454"}],"curies":[{"name":"wp","href":"https:\/\/api.w.org\/{rel}","templated":true}]}}