{"id":5655,"date":"2021-11-10T17:18:18","date_gmt":"2021-11-10T16:18:18","guid":{"rendered":"https:\/\/betskiredj.com\/www\/?page_id=5655"},"modified":"2021-12-28T12:21:13","modified_gmt":"2021-12-28T11:21:13","slug":"corps-detat-technique","status":"publish","type":"page","link":"https:\/\/betskiredj.com\/www\/batiment\/corps-detat-technique\/","title":{"rendered":"Corps d\u2019\u00e9tat technique"},"content":{"rendered":"<h2>Qu\u2019est-ce qu\u2019une expertise corps d\u2019\u00e9tat technique dans le domaine du b\u00e2timent ?<\/h2>\n<p>Les corps d\u2019\u00e9tat techniques sont tous les corps d\u2019\u00e9tat qui sont incrust\u00e9s dans le <a href=\"https:\/\/betskiredj.com\/www\/batiment\/\">b\u00e2timent<\/a>, par exemple l\u2019\u00e9lectricit\u00e9, la plomberie, l\u2019assainissement, la climatisation\u2026 On subdivise ses corps d\u2019\u00e9tat techniques en deux grosses cat\u00e9gories.<\/p>\n<p>&nbsp;<\/p>\n<h2>Electricit\u00e9: Courants Forts et Courants Faibles<\/h2>\n<p>La premi\u00e8re est l\u2019\u00e9lectricit\u00e9, qui elle-m\u00eame est divis\u00e9 en courant fort, c\u2019est-\u00e0-dire les courants pour les prises et pour les \u00e9clairages, et les courants faibles pour d\u2019autres syst\u00e8mes comme la domotique, les syst\u00e8mes de d\u00e9tection d\u2019incendie, etc.<\/p>\n<p>Concevoir un circuit \u00e9lectrique, c\u2019est tout un m\u00e9tier, et il y a plusieurs choses qu\u2019il faut respecter selon la norme. Il faut dimensionner les sections de c\u00e2ble, mais aussi les protections, c\u2019est-\u00e0-dire les interrupteurs, diff\u00e9rentiels ou pas, du tableau, et les diff\u00e9rents autres \u00ab organes \u00bb qui interviennent dans un circuit \u00e9lectrique. Ce sont des choses qui sont incorpor\u00e9es et qu\u2019on ne voit pas forc\u00e9ment, mais justement le fait de bien les dimensionner permet de limiter le risque de d\u00e9clenchement d&rsquo;un disjoncteur , ou de surintensit\u00e9\u00a0 qui pourrait cr\u00e9er un d\u00e9part d\u2019incendie.<\/p>\n<p>Dans des cas tr\u00e8s sp\u00e9cifiques, par exemple, dans l\u2019industriel, s\u2019assurer que les machines qu\u2019on utilise ne soient pas mises dans une plage\u00a0 de tension ou d&rsquo;inensit\u00e9 qui impliquerait leur vieillissement pr\u00e9matur\u00e9, leur d\u00e9t\u00e9rioration ou m\u00eame leur destruction. En ce qui concerne l\u2019\u00e9lectricit\u00e9, l\u2019objectif est de s\u2019assurer que nous dimensionnons exactement en fonction des besoins des locaux et des clients, et donc du concept \u00e9lectrique, c\u2019est-\u00e0-dire le plan d\u2019implantation de l\u2019architecte.<\/p>\n<p>Nous r\u00e9alisons la conception technique et le dimensionnement, gr\u00e2ce \u00e0 un sch\u00e9ma unifilaire: tous les circuits, et les sous-circuits de l\u2019installation \u00e9lectrique sont conformes \u00e0 la norme (NFC\u00a0 14-100 soit la 15-100) en fonction du type de r\u00e9seau.<\/p>\n<p>&nbsp;<\/p>\n<h2>Fluides hydrauliques et a\u00e9rauliques:<\/h2>\n<p>Pour ce qui est des fluides, nous ma\u00eetrisons\u00a0 toute la partie hydraulique, c\u2019est-\u00e0-dire la plomberie et l&rsquo;assainissement:<\/p>\n<p>Nous veillons \u00e0 ce que les r\u00e9seaux d\u2019eau soient dimensionn\u00e9s conformes \u00e0 leurs utilisations et aux DTU 60. Pour des toilettes courantes il n\u2019y a pas de probl\u00e8me, c\u2019est des dimensions et des calculs qui sont assez simples \u00e0 faire, mais parfois pour certains projets particuliers, industriels par exemple, on parle de pression de consigne dans les conduites qu\u2019il est n\u00e9cessaire de v\u00e9rifier.<\/p>\n<p>Nous dimensionne aussi les conduites, nous det\u00e9rminons leurs mat\u00e9riaux, et gr\u00e2ce \u00e0 \u00e7a nous nous\u00a0 assurons que le syst\u00e8me hydraulique fonctionne conform\u00e9ment aux sp\u00e9cifications des appareils sanitaires ou des machines industrielles.<\/p>\n<p>En ce qui concerne les r\u00e9seaux a\u00e9rauliques, ils concernent la ventilation, la climatisation, l\u2019extraction de l&rsquo;air vici\u00e9, le traitement d\u2019air et le d\u00e9sefumage. Nous dimensionnons les sections de gaines, les diff\u00e9rents appareillages (VMC, climatisations, centrales de traitement d&rsquo;air, pompes \u00e0 chaleurs ..)<\/p>\n<p>Nous calculons les vitesses de circulation des fluides dans les r\u00e9seaux, pour s\u2019assurer qu\u2019ils ne fassent pas de bruit, tout en satisfaisant les besoin d&rsquo;\u00e9changes d&rsquo;air. Nous prescrivons les bons \u00e9quipements, comme par exemple choisir les bonnes puissances et technologies de climatisations, pas plus que ce qu\u2019il en faut. Ainsi, le client optimise son budget. Ainsi , les locaux sont confortables et conformes au normes en vigueur.<\/p>\n<p>&nbsp;<\/p>\n<h2>C\u2019est quoi le plus de travailler avec BET SKIREDJ ?<\/h2>\n<p>C\u2019est justement d\u2019\u00eatre au plus juste, que ce soit l\u2019\u00e9lectricit\u00e9 ou pour les fluides on ne va pas sur-dimensionner ou sous-dimensionner les sections des r\u00e9seaux. Par exemple, admettons qu\u2019on ait un circuit \u00e9lectrique, il y a plusieurs types de c\u00e2bles, il y a des circuits qui sont monophas\u00e9s et d\u2019autres qui sont triphas\u00e9s, l\u2019impact de mal dimensionner ces r\u00e9seaux-l\u00e0 sur le prix de la construction peut \u00eatre important en fonction de la densit\u00e9 de ces r\u00e9seaux.<\/p>\n<p>Dit autrement, du fait de travailler avec nous, votre construction se fera au prix juste, dans les bonnes prescriptions techniques pour respecter les normes.<\/p>\n<p>&nbsp;<\/p>\n<h2>Des projets \u00e0 partager ?<\/h2>\n<p>En ce qui concerne les corps d\u2019\u00e9tat techniques, nous avons des projets de r\u00e9f\u00e9rence \u00e0 Tanger. Nous avons fait une salle de sport au <a href=\"https:\/\/betskiredj.com\/www\/projet\/tanger-city-center\/\">Tanger City Center (City Mall)<\/a> dans laquelle on a con\u00e7u tout le syst\u00e8me \u00e9lectrique, le syst\u00e8me d\u2019\u00e9vacuation d\u2019air, le d\u00e9senfumage et la plomberie sanitaire. C\u2019est une salle de sport qui fait \u00e0 peu pr\u00e8s 1200m2, et sur laquelle on a dimensionn\u00e9 toute la partie \u00e9lectrique ; pour les tapis de courses, l\u2019\u00e9clairage et les diff\u00e9rentes machines. Pour la partie fluide, nous avons aussi dimensionn\u00e9 toute la partie a\u00e9raulique ; c\u2019est-\u00e0-dire l\u2019extraction, la climatisation et le renouvellement d\u2019air. Il faut savoir que ce sont des sujets qui assez particuliers pour une salle de sport, parce que le confort des usagers est tr\u00e8s important.<\/p>\n<p>Pour la partie fluide, et \u00e9lectrique d\u2019ailleurs aussi, nous pouvons citer comme autre exemple dans l\u2019industrie des projets techniques pour des clients, comme Jacob Delafon, o\u00f9 nous sommes en train de faire l\u2019adaptation d\u2019un local de qualit\u00e9. Nous avons dimensionn\u00e9 une tr\u00e8s grande partie du circuit \u00e9lectrique, et aujourd\u2019hui les process qu\u2019ils utilisent sont stables pour la partie \u00e9lectricit\u00e9.<\/p>\n","protected":false},"excerpt":{"rendered":"<p>Qu\u2019est-ce qu\u2019une expertise corps d\u2019\u00e9tat technique dans le domaine du b\u00e2timent ? Les corps d\u2019\u00e9tat techniques sont tous les corps d\u2019\u00e9tat qui sont incrust\u00e9s dans le b\u00e2timent, par exemple l\u2019\u00e9lectricit\u00e9, la plomberie, l\u2019assainissement, la climatisation\u2026 On subdivise ses corps d\u2019\u00e9tat techniques en deux grosses cat\u00e9gories. &nbsp; Electricit\u00e9: Courants Forts et Courants Faibles La premi\u00e8re est [&hellip;]<\/p>\n","protected":false},"author":2,"featured_media":0,"parent":2580,"menu_order":0,"comment_status":"closed","ping_status":"closed","template":"","meta":{"_acf_changed":false,"footnotes":""},"folder":[202],"class_list":["post-5655","page","type-page","status-publish","hentry"],"acf":[],"_links":{"self":[{"href":"https:\/\/betskiredj.com\/www\/wp-json\/wp\/v2\/pages\/5655","targetHints":{"allow":["GET"]}}],"collection":[{"href":"https:\/\/betskiredj.com\/www\/wp-json\/wp\/v2\/pages"}],"about":[{"href":"https:\/\/betskiredj.com\/www\/wp-json\/wp\/v2\/types\/page"}],"author":[{"embeddable":true,"href":"https:\/\/betskiredj.com\/www\/wp-json\/wp\/v2\/users\/2"}],"replies":[{"embeddable":true,"href":"https:\/\/betskiredj.com\/www\/wp-json\/wp\/v2\/comments?post=5655"}],"version-history":[{"count":0,"href":"https:\/\/betskiredj.com\/www\/wp-json\/wp\/v2\/pages\/5655\/revisions"}],"up":[{"embeddable":true,"href":"https:\/\/betskiredj.com\/www\/wp-json\/wp\/v2\/pages\/2580"}],"wp:attachment":[{"href":"https:\/\/betskiredj.com\/www\/wp-json\/wp\/v2\/media?parent=5655"}],"wp:term":[{"taxonomy":"folder","embeddable":true,"href":"https:\/\/betskiredj.com\/www\/wp-json\/wp\/v2\/folder?post=5655"}],"curies":[{"name":"wp","href":"https:\/\/api.w.org\/{rel}","templated":true}]}}