{"id":5657,"date":"2021-11-10T17:20:02","date_gmt":"2021-11-10T16:20:02","guid":{"rendered":"https:\/\/betskiredj.com\/www\/?page_id=5657"},"modified":"2021-12-28T12:04:28","modified_gmt":"2021-12-28T11:04:28","slug":"environnement","status":"publish","type":"page","link":"https:\/\/betskiredj.com\/www\/batiment\/environnement\/","title":{"rendered":"Environnement"},"content":{"rendered":"<h2>Qu&rsquo;est-ce qu&rsquo;une expertise environnement dans le b\u00e2timent ?<\/h2>\n<p>Dans le <a href=\"https:\/\/betskiredj.com\/www\/batiment\/\">b\u00e2timent<\/a> en fait aujourd\u2019hui, on con\u00e7oit les syst\u00e8mes, c\u2019est-\u00e0-dire toute la partie \u00e9lectricit\u00e9 et la partie fluide, l\u2019objectif c\u2019est de limiter l\u2019impact \u00e9cologique du b\u00e2timent, c\u2019est-\u00e0-dire de faire un b\u00e2timent qui consomme intelligemment.<\/p>\n<p>&nbsp;<\/p>\n<h3><strong>Pourquoi parle t-on de consommation intelligente ?<\/strong><\/h3>\n<p>Tout simplement parce que dans un premier temps, on va essayer d\u2019utiliser l\u2019\u00e9nergie qu\u2019on produit, gr\u00e2ce \u00e0 la climatisation par exemple, et essayer de minimiser l\u2019impact environnemental, en optimisant justement ce traitement d\u2019air. L\u2019int\u00e9r\u00eat c\u2019est de s\u2019assurer qu\u2019il n\u2019y ait pas de perte d\u2019\u00e9nergie, donc pas de pont thermique, de prescrire les bonnes solutions en fonction de l\u2019utilisation et des habitudes d\u2019utilisations des diff\u00e9rents clients. Par exemple, nous avons un projet pour lequel le client essaye de tendre vers l\u2019ind\u00e9pendance \u00e9nerg\u00e9tique. Donc nous avons \u00e9tudi\u00e9 les diff\u00e9rentes solutions, et nous lui avons propos\u00e9 un b\u00e2timent dont l\u2019impact aujourd\u2019hui est th\u00e9oriquement nul, c\u2019est-\u00e0-dire qu\u2019il produit autant d\u2019\u00e9nergie qu\u2019il n\u2019en consomme.<\/p>\n<p>&nbsp;<\/p>\n<p>&nbsp;<\/p>\n<h2><strong>Pourquoi pousser cette r\u00e9flexion dans l\u2019environnement ?<\/strong><\/h2>\n<p>Tout simplement parce que dans certains pays, comme en France, on parle d\u00e9j\u00e0 de b\u00e2timents \u00e0 \u00e9nergie positive, ce qui veut dire que ce sont des b\u00e2timents qui produisent de l\u2019\u00e9nergie mais qui n\u2019en consomment pas. Aujourd\u2019hui malheureusement il y a des cadres r\u00e9glementaires qui sont en cours d\u2019\u00e9volution au Maroc, mais qui sont amen\u00e9s \u00e0 progresser, pour nous permettre justement aujourd\u2019hui que le b\u00e2timent soit un producteur et non un consommateur d\u2019\u00e9nergie. C\u2019est toute une r\u00e9flexion dans l\u2019environnement dans le sens du d\u00e9veloppement durable, pour r\u00e9fl\u00e9chir au fait de comment on peut faire pour que le b\u00e2timent ne consomme pas, ait un impact nul ou que carr\u00e9ment qu\u2019il produise de l\u2019\u00e9nergie.<\/p>\n<p>D\u2019autres volets de l\u2019\u00e9tude environnemental peuvent \u00eatre aussi toutes les nouvelles technologies qui sont en cours d\u2019implantation au Maroc, comme la g\u00e9othermie, comme le pompage solaire par exemple, qui ne sont pas encore assez d\u00e9mocratis\u00e9s ici, mais qui permettent de produire de l\u2019\u00e9nergie et de l\u2019\u00e9lectricit\u00e9\u2026<\/p>\n<p>&nbsp;<\/p>\n<p>&nbsp;<\/p>\n<h2><strong>Un projet dont BET SKIREDJ est fier ?<\/strong><\/h2>\n<p>Si on avait un projet phare aujourd\u2019hui \u00e0 \u00e9voquer pour cette expertise environnementale, ce serait Targuist. Targuist est un centre d&rsquo;h\u00e9modialyse qui est perch\u00e9 en haut dans les montagnes, l\u00e0 o\u00f9 il fait tr\u00e8s froid l\u2019hiver et tr\u00e8s chaud l\u2019\u00e9t\u00e9. On a \u00e9labor\u00e9 un projet qui permet de tirer parti des contraintes environnementales, et d\u2019en faire une plus-value quant \u00e0 la gestion d\u2019\u00e9nergie de ce b\u00e2timent. C\u2019est-\u00e0-dire que quand il fait tr\u00e8s froid, nous avons des syst\u00e8mes qui permettent de chauffer le b\u00e2timent. Et quand il fait chaud, nous avons des syst\u00e8mes qui permettent \u00e0 refroidir le b\u00e2timent en utilisant cette chaleur.<\/p>\n<p>Sur le volet environnement, il reste aussi toute la partie impact carbone du b\u00e2timent, c\u2019est un sujet qui aujourd\u2019hui est en voie de d\u00e9veloppement au Maroc mais qui est d\u00e9j\u00e0 tr\u00e8s implant\u00e9 en France. Il consiste \u00e0 \u00e9valuer l\u2019impact carbone que repr\u00e9sente le b\u00e2timent ou la construction de ce projet. Cette approche permet une r\u00e9flexion d\u2019optimisation sur l\u2019utilisation des mat\u00e9riaux, sur les phases de construction et d\u2019essayer d\u2019accompagner nos clients dans une r\u00e9flexion durable.<\/p>\n","protected":false},"excerpt":{"rendered":"<p>Qu&rsquo;est-ce qu&rsquo;une expertise environnement dans le b\u00e2timent ? Dans le b\u00e2timent en fait aujourd\u2019hui, on con\u00e7oit les syst\u00e8mes, c\u2019est-\u00e0-dire toute la partie \u00e9lectricit\u00e9 et la partie fluide, l\u2019objectif c\u2019est de limiter l\u2019impact \u00e9cologique du b\u00e2timent, c\u2019est-\u00e0-dire de faire un b\u00e2timent qui consomme intelligemment. &nbsp; Pourquoi parle t-on de consommation intelligente ? Tout simplement parce que [&hellip;]<\/p>\n","protected":false},"author":2,"featured_media":0,"parent":2580,"menu_order":0,"comment_status":"closed","ping_status":"closed","template":"","meta":{"_acf_changed":false,"footnotes":""},"folder":[202],"class_list":["post-5657","page","type-page","status-publish","hentry"],"acf":[],"_links":{"self":[{"href":"https:\/\/betskiredj.com\/www\/wp-json\/wp\/v2\/pages\/5657","targetHints":{"allow":["GET"]}}],"collection":[{"href":"https:\/\/betskiredj.com\/www\/wp-json\/wp\/v2\/pages"}],"about":[{"href":"https:\/\/betskiredj.com\/www\/wp-json\/wp\/v2\/types\/page"}],"author":[{"embeddable":true,"href":"https:\/\/betskiredj.com\/www\/wp-json\/wp\/v2\/users\/2"}],"replies":[{"embeddable":true,"href":"https:\/\/betskiredj.com\/www\/wp-json\/wp\/v2\/comments?post=5657"}],"version-history":[{"count":0,"href":"https:\/\/betskiredj.com\/www\/wp-json\/wp\/v2\/pages\/5657\/revisions"}],"up":[{"embeddable":true,"href":"https:\/\/betskiredj.com\/www\/wp-json\/wp\/v2\/pages\/2580"}],"wp:attachment":[{"href":"https:\/\/betskiredj.com\/www\/wp-json\/wp\/v2\/media?parent=5657"}],"wp:term":[{"taxonomy":"folder","embeddable":true,"href":"https:\/\/betskiredj.com\/www\/wp-json\/wp\/v2\/folder?post=5657"}],"curies":[{"name":"wp","href":"https:\/\/api.w.org\/{rel}","templated":true}]}}