{"id":5859,"date":"2021-11-16T11:48:46","date_gmt":"2021-11-16T10:48:46","guid":{"rendered":"https:\/\/betskiredj.com\/www\/?page_id=5859"},"modified":"2021-12-16T18:27:12","modified_gmt":"2021-12-16T17:27:12","slug":"demarche-bim","status":"publish","type":"page","link":"https:\/\/betskiredj.com\/www\/demarche-bim\/","title":{"rendered":"D\u00e9marche BIM"},"content":{"rendered":"\t\t<div data-elementor-type=\"wp-page\" data-elementor-id=\"5859\" class=\"elementor elementor-5859\" data-elementor-post-type=\"page\">\n\t\t\t\t\t\t<section class=\"elementor-section elementor-top-section elementor-element elementor-element-188ed159 elementor-section-full_width elementor-section-height-min-height elementor-section-content-middle elementor-section-height-default elementor-section-items-middle\" data-id=\"188ed159\" data-element_type=\"section\" data-e-type=\"section\" data-settings=\"{&quot;background_background&quot;:&quot;classic&quot;}\">\n\t\t\t\t\t\t\t<div class=\"elementor-background-overlay\"><\/div>\n\t\t\t\t\t\t\t<div class=\"elementor-container elementor-column-gap-no\">\n\t\t\t\t\t<div class=\"elementor-column elementor-col-100 elementor-top-column elementor-element elementor-element-4271a9fd\" data-id=\"4271a9fd\" data-element_type=\"column\" data-e-type=\"column\">\n\t\t\t<div class=\"elementor-widget-wrap elementor-element-populated\">\n\t\t\t\t\t\t<div class=\"elementor-element elementor-element-7489d36f elementor-widget elementor-widget-theme-post-title elementor-page-title elementor-widget-heading\" data-id=\"7489d36f\" data-element_type=\"widget\" data-e-type=\"widget\" data-widget_type=\"theme-post-title.default\">\n\t\t\t\t<div class=\"elementor-widget-container\">\n\t\t\t\t\t<h1 class=\"elementor-heading-title elementor-size-default\">D\u00e9marche BIM<\/h1>\t\t\t\t<\/div>\n\t\t\t\t<\/div>\n\t\t\t\t<div class=\"elementor-element elementor-element-6e244347 elementor-widget__width-initial elementor-widget-tablet__width-initial elementor-widget elementor-widget-text-editor\" data-id=\"6e244347\" data-element_type=\"widget\" data-e-type=\"widget\" data-widget_type=\"text-editor.default\">\n\t\t\t\t<div class=\"elementor-widget-container\">\n\t\t\t\t\t\t\t\t\tLE BIM MANAGEMENT C\u2019EST L\u2019ING\u00c9NIERIE DE L\u2019AVENIR !\t\t\t\t\t\t\t\t<\/div>\n\t\t\t\t<\/div>\n\t\t\t\t<div class=\"elementor-element elementor-element-2708a111 elementor-widget elementor-widget-spacer\" data-id=\"2708a111\" data-element_type=\"widget\" data-e-type=\"widget\" data-widget_type=\"spacer.default\">\n\t\t\t\t<div class=\"elementor-widget-container\">\n\t\t\t\t\t\t\t<div class=\"elementor-spacer\">\n\t\t\t<div class=\"elementor-spacer-inner\"><\/div>\n\t\t<\/div>\n\t\t\t\t\t\t<\/div>\n\t\t\t\t<\/div>\n\t\t\t\t<div class=\"elementor-element elementor-element-6dc49e12 elementor-widget elementor-widget-html\" data-id=\"6dc49e12\" data-element_type=\"widget\" data-e-type=\"widget\" data-widget_type=\"html.default\">\n\t\t\t\t<div class=\"elementor-widget-container\">\n\t\t\t\t\t<script>\n    const primaryCTA = document.querySelector('#primaryCTA a');\n    if(primaryCTA.getAttribute(\"href\") === \"#\"){\n        primaryCTA.style.display = \"none\";\n    } else {\n        primaryCTA.style.display = \"inline-auto\";\n    }\n    const secondaryCTA = document.querySelector('#secondaryCTA a');\n    if(secondaryCTA.getAttribute(\"href\") === \"#\"){\n        secondaryCTA.style.display = \"none\";\n    } else {\n        primaryCTA.style.display = \"inline-auto\";\n    }\n<\/script>\t\t\t\t<\/div>\n\t\t\t\t<\/div>\n\t\t\t\t\t<\/div>\n\t\t<\/div>\n\t\t\t\t\t<\/div>\n\t\t<\/section>\n\t\t\t\t<section class=\"elementor-section elementor-top-section elementor-element elementor-element-356606ed elementor-section-boxed elementor-section-height-default elementor-section-height-default\" data-id=\"356606ed\" data-element_type=\"section\" data-e-type=\"section\">\n\t\t\t\t\t\t<div class=\"elementor-container elementor-column-gap-default\">\n\t\t\t\t\t<div class=\"elementor-column elementor-col-100 elementor-top-column elementor-element elementor-element-7341ce9b\" data-id=\"7341ce9b\" data-element_type=\"column\" data-e-type=\"column\">\n\t\t\t<div class=\"elementor-widget-wrap elementor-element-populated\">\n\t\t\t\t\t\t<div class=\"elementor-element elementor-element-3c862248 elementor-widget elementor-widget-text-editor\" data-id=\"3c862248\" data-element_type=\"widget\" data-e-type=\"widget\" data-widget_type=\"text-editor.default\">\n\t\t\t\t<div class=\"elementor-widget-container\">\n\t\t\t\t\t\t\t\t\t<h3><strong>Bet Skiredj a d\u00e9velopp\u00e9 une forte politique de R&amp;D, en plus d\u2019investissements importants en achats de logiciels (plus d\u2019un million de dirhams). En outre, la soci\u00e9t\u00e9 a introduit la r\u00e9volution du BIM management au Maroc.\u00a0 Explications.<\/strong><\/h3>\r\n<strong>\u00a0<\/strong>\r\n<h2><strong>Vous \u00eates leader en mati\u00e8re de BIM management, qu\u2019est-ce que c\u2019est\u00a0?<\/strong><\/h2>\r\nCela veut dire Building Information Modeling (mod\u00e9lisation de l\u2019information du b\u00e2timent). C\u2019est un ensemble de process, d\u2019outils et de concepts qui permettent de construire num\u00e9riquement un b\u00e2timent, toutes les \u00e9tapes de construction, toutes les op\u00e9rations logistiques et ce, avant qu\u2019il ne soit r\u00e9alis\u00e9.\r\n\r\nCela permet d\u2019anticiper tous les al\u00e9as de la construction et, au-del\u00e0, d\u2019anticiper tous les usages et leurs cons\u00e9quences sur la construction. Le BIM management, c\u2019est un proc\u00e9d\u00e9 qui r\u00e9volutionne la construction, c\u2019est l\u2019ing\u00e9nierie du futur\u00a0!\r\n\r\n&nbsp;\r\n<h2><strong>Quels sont les atouts de cette m\u00e9thode\u00a0?<\/strong><\/h2>\r\nPour le client, le BIM management permet une \u00e9conomie de 30\u00a0% sur le prix de la construction. Ceci gr\u00e2ce au fait de pr\u00e9voir et de devancer les difficult\u00e9s, les conceptions erron\u00e9es et de r\u00e9soudre les probl\u00e8mes avant qu\u2019ils adviennent. Pour les op\u00e9rateurs (architectes, ing\u00e9nieurs et autres corps de m\u00e9tier), le BIM management facilite la coordination des travaux. D\u2019o\u00f9 un gain de temps et de productivit\u00e9, in fine, pour le client.\r\n\r\n&nbsp;\r\n<h2><strong>Concr\u00e8tement\u00a0?<\/strong><\/h2>\r\nPar exemple, si l\u2019on modifie une donn\u00e9e, on voit les impacts de ce changement \u00e0 tous les stades de la construction et aussi, apr\u00e8s la livraison, tout ce qui concerne l\u2019exploitation et la maintenance du b\u00e2timent. Globalement, le BIM management permet d\u2019avoir une vision tr\u00e8s pr\u00e9cise et continue, presque simultan\u00e9e, de ce que l\u2019on va faire puis de ce que l\u2019on fait. De fait, on anticipe sur les solutions \u00e0 apporter si quelque chose ne fonctionne pas. Gr\u00e2ce au BIM management, on projette et solutionne aussi les soucis de maintenance \u00e0 venir. Un exemple tr\u00e8s concret\u00a0:\u00a0 on peut programmer les changements de pi\u00e8ces m\u00e9caniques d\u2019une porte \u00e0 ouverture automatique avant qu\u2019elle ne tombe en panne, ce qui peut provoquer d\u00e9sordre et perte de productivit\u00e9. Avec le BIM management, on \u00e9tudie les usages et on pr\u00e9voit les commandes pour remplacer les \u00e9l\u00e9ments us\u00e9s avant la panne.\t\t\t\t\t\t\t\t<\/div>\n\t\t\t\t<\/div>\n\t\t\t\t\t<\/div>\n\t\t<\/div>\n\t\t\t\t\t<\/div>\n\t\t<\/section>\n\t\t\t\t<section class=\"elementor-section elementor-top-section elementor-element elementor-element-6fe2dd67 elementor-section-full_width elementor-section-height-min-height elementor-section-content-middle elementor-section-height-default elementor-section-items-middle\" data-id=\"6fe2dd67\" data-element_type=\"section\" data-e-type=\"section\">\n\t\t\t\t\t\t<div class=\"elementor-container elementor-column-gap-no\">\n\t\t\t\t\t<div class=\"elementor-column elementor-col-100 elementor-top-column elementor-element elementor-element-75bfea05\" data-id=\"75bfea05\" data-element_type=\"column\" data-e-type=\"column\">\n\t\t\t<div class=\"elementor-widget-wrap elementor-element-populated\">\n\t\t\t\t\t\t<div class=\"elementor-element elementor-element-11b809f9 elementor-widget__width-initial elementor-widget-tablet__width-initial elementor-widget-mobile__width-initial elementor-widget elementor-widget-heading\" data-id=\"11b809f9\" data-element_type=\"widget\" data-e-type=\"widget\" data-widget_type=\"heading.default\">\n\t\t\t\t<div class=\"elementor-widget-container\">\n\t\t\t\t\t<h3 class=\"elementor-heading-title elementor-size-default\">Envie d'en savoir plus pour votre projet ?<\/h3>\t\t\t\t<\/div>\n\t\t\t\t<\/div>\n\t\t\t\t<div class=\"elementor-element elementor-element-25dd9d70 elementor-align-center elementor-widget elementor-widget-button\" data-id=\"25dd9d70\" data-element_type=\"widget\" data-e-type=\"widget\" data-widget_type=\"button.default\">\n\t\t\t\t<div class=\"elementor-widget-container\">\n\t\t\t\t\t\t\t\t\t<div class=\"elementor-button-wrapper\">\n\t\t\t\t\t<a class=\"elementor-button elementor-button-link elementor-size-sm\" href=\"https:\/\/betskiredj.com\/www\/planifier-un-rdv-demo\/\">\n\t\t\t\t\t\t<span class=\"elementor-button-content-wrapper\">\n\t\t\t\t\t\t\t\t\t<span class=\"elementor-button-text\">Planifier un RDV d\u00e9mo<\/span>\n\t\t\t\t\t<\/span>\n\t\t\t\t\t<\/a>\n\t\t\t\t<\/div>\n\t\t\t\t\t\t\t\t<\/div>\n\t\t\t\t<\/div>\n\t\t\t\t\t<\/div>\n\t\t<\/div>\n\t\t\t\t\t<\/div>\n\t\t<\/section>\n\t\t\t\t<\/div>\n\t\t","protected":false},"excerpt":{"rendered":"<p>Bet Skiredj a d\u00e9velopp\u00e9 une forte politique de R&amp;D, en plus d\u2019investissements importants en achats de logiciels (plus d\u2019un million de dirhams). En outre, la soci\u00e9t\u00e9 a introduit la r\u00e9volution du BIM management au Maroc.\u00a0 Explications. \u00a0 Vous \u00eates leader en mati\u00e8re de BIM management, qu\u2019est-ce que c\u2019est\u00a0? Cela veut dire Building Information Modeling (mod\u00e9lisation [&hellip;]<\/p>\n","protected":false},"author":2,"featured_media":0,"parent":0,"menu_order":0,"comment_status":"closed","ping_status":"closed","template":"elementor_header_footer","meta":{"_acf_changed":false,"footnotes":""},"folder":[204],"class_list":["post-5859","page","type-page","status-publish","hentry"],"acf":[],"_links":{"self":[{"href":"https:\/\/betskiredj.com\/www\/wp-json\/wp\/v2\/pages\/5859","targetHints":{"allow":["GET"]}}],"collection":[{"href":"https:\/\/betskiredj.com\/www\/wp-json\/wp\/v2\/pages"}],"about":[{"href":"https:\/\/betskiredj.com\/www\/wp-json\/wp\/v2\/types\/page"}],"author":[{"embeddable":true,"href":"https:\/\/betskiredj.com\/www\/wp-json\/wp\/v2\/users\/2"}],"replies":[{"embeddable":true,"href":"https:\/\/betskiredj.com\/www\/wp-json\/wp\/v2\/comments?post=5859"}],"version-history":[{"count":0,"href":"https:\/\/betskiredj.com\/www\/wp-json\/wp\/v2\/pages\/5859\/revisions"}],"wp:attachment":[{"href":"https:\/\/betskiredj.com\/www\/wp-json\/wp\/v2\/media?parent=5859"}],"wp:term":[{"taxonomy":"folder","embeddable":true,"href":"https:\/\/betskiredj.com\/www\/wp-json\/wp\/v2\/folder?post=5859"}],"curies":[{"name":"wp","href":"https:\/\/api.w.org\/{rel}","templated":true}]}}