{"id":6167,"date":"2021-11-22T17:07:14","date_gmt":"2021-11-22T16:07:14","guid":{"rendered":"https:\/\/betskiredj.com\/www\/?page_id=6167"},"modified":"2024-06-02T17:34:13","modified_gmt":"2024-06-02T16:34:13","slug":"portrait-nizar-skiredj","status":"publish","type":"page","link":"https:\/\/betskiredj.com\/www\/portrait-nizar-skiredj\/","title":{"rendered":"Portrait Nizar SKIREDJ"},"content":{"rendered":"\t\t<div data-elementor-type=\"wp-page\" data-elementor-id=\"6167\" class=\"elementor elementor-6167\" data-elementor-post-type=\"page\">\n\t\t\t\t\t\t<section class=\"elementor-section elementor-top-section elementor-element elementor-element-1093ade elementor-section-boxed elementor-section-height-default elementor-section-height-default\" data-id=\"1093ade\" data-element_type=\"section\" data-e-type=\"section\" id=\"portrait\" data-settings=\"{&quot;background_background&quot;:&quot;classic&quot;}\">\n\t\t\t\t\t\t<div class=\"elementor-container elementor-column-gap-default\">\n\t\t\t\t\t<div class=\"elementor-column elementor-col-100 elementor-top-column elementor-element elementor-element-235d199\" data-id=\"235d199\" data-element_type=\"column\" data-e-type=\"column\">\n\t\t\t<div class=\"elementor-widget-wrap elementor-element-populated\">\n\t\t\t\t\t\t<div class=\"elementor-element elementor-element-dc83037 elementor-widget elementor-widget-image\" data-id=\"dc83037\" data-element_type=\"widget\" data-e-type=\"widget\" data-widget_type=\"image.default\">\n\t\t\t\t<div class=\"elementor-widget-container\">\n\t\t\t\t\t\t\t\t\t\t\t\t\t\t\t<img decoding=\"async\" width=\"200\" height=\"200\" src=\"https:\/\/betskiredj.com\/www\/wp-content\/uploads\/2018\/11\/Nizar.jpg\" class=\"attachment-full size-full wp-image-1196\" alt=\"\" srcset=\"https:\/\/betskiredj.com\/www\/wp-content\/uploads\/2018\/11\/Nizar.jpg 200w, https:\/\/betskiredj.com\/www\/wp-content\/uploads\/2018\/11\/Nizar-150x150.jpg 150w, https:\/\/betskiredj.com\/www\/wp-content\/uploads\/2018\/11\/Nizar-160x160.jpg 160w, https:\/\/betskiredj.com\/www\/wp-content\/uploads\/2018\/11\/Nizar-50x50.jpg 50w\" sizes=\"(max-width: 200px) 100vw, 200px\" \/>\t\t\t\t\t\t\t\t\t\t\t\t\t\t\t<\/div>\n\t\t\t\t<\/div>\n\t\t\t\t\t<\/div>\n\t\t<\/div>\n\t\t\t\t\t<\/div>\n\t\t<\/section>\n\t\t\t\t<section class=\"elementor-section elementor-top-section elementor-element elementor-element-e9fee48 elementor-section-boxed elementor-section-height-default elementor-section-height-default\" data-id=\"e9fee48\" data-element_type=\"section\" data-e-type=\"section\">\n\t\t\t\t\t\t<div class=\"elementor-container elementor-column-gap-default\">\n\t\t\t\t\t<div class=\"elementor-column elementor-col-100 elementor-top-column elementor-element elementor-element-9645285\" data-id=\"9645285\" data-element_type=\"column\" data-e-type=\"column\">\n\t\t\t<div class=\"elementor-widget-wrap elementor-element-populated\">\n\t\t\t\t\t\t<div class=\"elementor-element elementor-element-7cb4ab5 elementor-widget elementor-widget-heading\" data-id=\"7cb4ab5\" data-element_type=\"widget\" data-e-type=\"widget\" data-widget_type=\"heading.default\">\n\t\t\t\t<div class=\"elementor-widget-container\">\n\t\t\t\t\t<h2 class=\"elementor-heading-title elementor-size-default\">ING\u00c9NIEUR DES PASSIONS ET DES VERTUS<\/h2>\t\t\t\t<\/div>\n\t\t\t\t<\/div>\n\t\t\t\t<div class=\"elementor-element elementor-element-34a37ba elementor-widget elementor-widget-text-editor\" data-id=\"34a37ba\" data-element_type=\"widget\" data-e-type=\"widget\" data-widget_type=\"text-editor.default\">\n\t\t\t\t<div class=\"elementor-widget-container\">\n\t\t\t\t\t\t\t\t\t<p>Nizar Skiredj dirige l\u2019entreprise dans l\u2019obsession de la perfection et les petits bonheurs des r\u00e9ussites.<\/p>\n<p>C\u2019est un passionn\u00e9, un hyper dou\u00e9. Lui se d\u00e9crit comme un \u00ab curieux insatiable \u00bb et se veut \u00ab leader humaniste \u00bb.<\/p>\n<p>Nizar Skiredj dirige l\u2019entreprise familiale depuis 2013. Il en est la t\u00eate pensante, le d\u00e9veloppeur de talents et de solutions performantes.<\/p>\n<p>N\u00e9 \u00e0 Tanger en 1985, ville qu\u2019il adule, il obtient son BAC scientifique au Lyc\u00e9e Fran\u00e7ais avec mention bien et poursuit des \u00e9tudes d\u2019ing\u00e9nieur \u00e0 la r\u00e9put\u00e9e ESITC de Paris (\u00c9cole sup\u00e9rieure d&rsquo;ing\u00e9nieurs des travaux de la construction &#8211; Cachan).<\/p>\n<p><br><\/p>\n<p>Durant ses cinq ann\u00e9es d\u2019\u00e9tudes, il s\u2019immergera chez les g\u00e9ants tels Bouygues TP et Vinci pour y travailler sur des projets monumentaux d\u2019\u00e9changeurs routiers et pour deux futures Lignes \u00e0 Grande vitesse. Projets qui lui permettront d\u2019acqu\u00e9rir des connaissances remarquables quant \u00e0 son futur m\u00e9tier.<\/p>\n<p><br>En Su\u00e8de, dans le cadre d\u2019un \u00e9change, il s\u2019initiera aussi au management de la construction, \u00e0 la construction en bois et aux principes de la r\u00e9sistance des mat\u00e9riaux.Il ach\u00e8ve ses ann\u00e9es de formation par un dipl\u00f4me ornement\u00e9 de nombreux prix dont un symbolique 21\/20 d\u00e9cern\u00e9 par son professeur de math\u00e9matiques.<\/p>\n<p><br><\/p>\n<p>A la fin de son cursus, Bouygues et Vinci lui font des offres d\u2019embauche. Il choisit Vinci.<\/p>\n<p><br>Durant un an et demi, il collabore au projet ITER, ambitieuse alliance internationale de 35 pays dans le domaine de l\u2019\u00e9nergie puis rejoint les \u00e9quipes de construction des nouvelles LGV. Affect\u00e9 \u00e0 la section des ouvrages d\u2019art, il en prendra en charge 12 sur les 80 qui jalonnent maintenant la ligne ferroviaire du TGV.<\/p>\n<p><br><\/p>\n<p>La mort dramatique de son p\u00e8re l\u2019oblige \u00e0 interrompre cette prometteuse carri\u00e8re et il d\u00e9cide, avec son fr\u00e8re, de reprendre la soci\u00e9t\u00e9 familliale&nbsp;<span style=\"font-family: var( --e-global-typography-8da080c-font-family ), Sans-serif; font-size: var( --e-global-typography-8da080c-font-size ); font-style: var( --e-global-typography-8da080c-font-style ); font-weight: var( --e-global-typography-8da080c-font-weight ); letter-spacing: var( --e-global-typography-8da080c-letter-spacing ); word-spacing: var( --e-global-typography-8da080c-word-spacing );\">.<\/span><\/p>\n<p>Parmi les gros clients de la soci\u00e9t\u00e9, il reprend le chantier de Tanger City Center, un des projets phare de la mutation de la ville du Nord et d\u00e9veloppe BET SKIREDJ pour en faire un acteur incontournable au Maroc et \u00e0 l\u2019international.&nbsp;<\/p>\n<p><br><\/p>\n<p>Il d\u00e9veloppe ainsi des filiales en Guin\u00e9e et en France, introduit le BIM management au Maroc, qu\u2019il d\u00e9crit comme\u00ab l\u2019ing\u00e9nierie du futur ! \u00bb, et augmente consid\u00e9rablement les chantiers g\u00e9r\u00e9s par sa soci\u00e9t\u00e9.<\/p>\n<p><br><\/p>\n<p>Homme port\u00e9 par des vertus et un h\u00e9ritage (\u00ab Celui des savoirs \u00bb), Nizar Skiredj professe la confiance, l\u2019humilit\u00e9, l\u2019innovation comme valeurs cardinales et porte l\u2019excellence comme \u00e9tendard car <em>\u00ab La m\u00e9diocrit\u00e9 m\u2019exasp\u00e8re \u00bb<\/em>.<br>Heureux d\u2019\u00eatre chef d\u2019entreprise, de g\u00e9rer des projets passionnants et heureux de vivre \u00e0 Tanger, il trouve son \u00e9quilibre, malgr\u00e9 une vie professionnelle d\u00e9vorante, aupr\u00e8s de sa famille et de ses passions que sont le basket, l\u2019escalade, le surf et aussi, comme un jardin secret, dans la composition de musiques \u00e9lectroniques.<\/p>\n<p><br><\/p>\n<p>Passionn\u00e9, Hyper dou\u00e9, Nizar Skiredj est aussi un ing\u00e9nieur exigeant jusqu\u2019\u00e0 l\u2019obsession :<\/p>\n<p><em>\u00ab On ne joue pas, on doit apporter des plus values et des r\u00e9sultats parfaits \u00e0 nos clients et, surtout, on traite de choses s\u00e9rieuses, de risques, d\u2019effondrements, de personnes qui pourraient mourir en cas de malfa\u00e7on : on ne peut pas, on ne doit pas se tromper ! \u00bb<\/em><\/p>\t\t\t\t\t\t\t\t<\/div>\n\t\t\t\t<\/div>\n\t\t\t\t\t<\/div>\n\t\t<\/div>\n\t\t\t\t\t<\/div>\n\t\t<\/section>\n\t\t\t\t<\/div>\n\t\t","protected":false},"excerpt":{"rendered":"<p>ING\u00c9NIEUR DES PASSIONS ET DES VERTUS Nizar Skiredj dirige l\u2019entreprise dans l\u2019obsession de la perfection et les petits bonheurs des r\u00e9ussites. C\u2019est un passionn\u00e9, un hyper dou\u00e9. Lui se d\u00e9crit comme un \u00ab curieux insatiable \u00bb et se veut \u00ab leader humaniste \u00bb. Nizar Skiredj dirige l\u2019entreprise familiale depuis 2013. Il en est la t\u00eate [&hellip;]<\/p>\n","protected":false},"author":2,"featured_media":0,"parent":0,"menu_order":0,"comment_status":"closed","ping_status":"closed","template":"elementor_header_footer","meta":{"_acf_changed":false,"footnotes":""},"folder":[201],"class_list":["post-6167","page","type-page","status-publish","hentry"],"acf":[],"_links":{"self":[{"href":"https:\/\/betskiredj.com\/www\/wp-json\/wp\/v2\/pages\/6167","targetHints":{"allow":["GET"]}}],"collection":[{"href":"https:\/\/betskiredj.com\/www\/wp-json\/wp\/v2\/pages"}],"about":[{"href":"https:\/\/betskiredj.com\/www\/wp-json\/wp\/v2\/types\/page"}],"author":[{"embeddable":true,"href":"https:\/\/betskiredj.com\/www\/wp-json\/wp\/v2\/users\/2"}],"replies":[{"embeddable":true,"href":"https:\/\/betskiredj.com\/www\/wp-json\/wp\/v2\/comments?post=6167"}],"version-history":[{"count":0,"href":"https:\/\/betskiredj.com\/www\/wp-json\/wp\/v2\/pages\/6167\/revisions"}],"wp:attachment":[{"href":"https:\/\/betskiredj.com\/www\/wp-json\/wp\/v2\/media?parent=6167"}],"wp:term":[{"taxonomy":"folder","embeddable":true,"href":"https:\/\/betskiredj.com\/www\/wp-json\/wp\/v2\/folder?post=6167"}],"curies":[{"name":"wp","href":"https:\/\/api.w.org\/{rel}","templated":true}]}}