{"id":6399,"date":"2021-11-29T12:19:32","date_gmt":"2021-11-29T11:19:32","guid":{"rendered":"https:\/\/betskiredj.com\/www\/?page_id=6399"},"modified":"2021-12-28T13:18:57","modified_gmt":"2021-12-28T12:18:57","slug":"ouvrages-dart","status":"publish","type":"page","link":"https:\/\/betskiredj.com\/www\/ouvrages-darts\/ouvrages-dart\/","title":{"rendered":"Ouvrages d&rsquo;art"},"content":{"rendered":"<h2>Qu\u2019est-ce qu\u2019une expertise en ouvrage d\u2019art ?<\/h2>\n<p>Les ouvrages d\u2019art sont la d\u00e9nomination des gens du m\u00e9tier des ponts et des ouvrages particuliers. Une expertise en ouvrage d\u2019art c\u2019est savoir concevoir, calculer, dimensionner un pont, savoir comment il va se comporter en fonction des charges qu\u2019il va recevoir, savoir aussi dimensionner tous les \u00e9l\u00e9ments qui le constitue, c\u2019est-\u00e0-dire toute la partie b\u00e9ton, des tabliers qui sont la partie rouable et des poteaux. Il faut savoir aussi que dans les ouvrages d\u2019art il y a des \u00e9quipements qui sont li\u00e9s aux ouvrages d\u2019art, tels que les appareils d\u2019appui, choisis en fonction du type de charges, lourdes ou l\u00e9g\u00e8res. Il y a des choses qui sont tr\u00e8s particuli\u00e8res et tr\u00e8s sp\u00e9cifiques aux ouvrages d\u2019art, comme par exemple les ancrages dans les cul\u00e9es. Les cul\u00e9es sont les appuis de l\u2019ouvrage. Aujourd\u2019hui, on peut dimensionner plusieurs types d\u2019ouvrage d\u2019art. Les ouvrages d\u2019art peuvent \u00eatre courants, c\u2019est-\u00e0-dire des ponts dalles ou des ponts \u00e0 poutres, qu\u2019elles soient pr\u00e9contraintes ou pas, ou non courants c\u2019est dire des bipoutres mixtes, des ouvrages qui sont constitu\u00e9s d\u2019une partie en charpente m\u00e9tallique et du tablier en b\u00e9ton arm\u00e9. L\u2019objectif de cette sp\u00e9cialit\u00e9 en fait c\u2019est de dimensionner et de suivre la construction de ponts quels que soit leur type, leur forme et leur destination. Qu\u2019ils soient des ponts routiers, des ponts rails ou des ponts pi\u00e9tons, appel\u00e9s aussi plus couramment des passerelles.<\/p>\n<p>&nbsp;<\/p>\n<h2>Pourquoi choisir BET SKIREDJ pour vos ouvrages d&rsquo;art ?<\/h2>\n<p>Les ponts sont la passion de <a href=\"https:\/\/betskiredj.com\/www\/portrait-nizar-skiredj\/\">Nizar Skiredj<\/a> et c\u2019est pour cette raison qu\u2019il a choisi ce m\u00e9tier \u00e0 la base, pour le calcul des ponts. L\u2019avantage de travailler avec BET SKIREDJ est que le bureau d\u2019\u00e9tudes va optimiser les sections d\u2019acier, de b\u00e9ton et de tous les autres types de mat\u00e9riaux de construction pour maitriser et optimiser le budget et ne faire que le n\u00e9cessaire. BET SKIREDJ peut aussi accompagner le client dans des missions sp\u00e9cifiques d\u2019expertise de renouvellement d\u2019appareil d\u2019appui. Par exemple, pour les anciens ouvrages d\u2019art, d\u00e9terminer les diff\u00e9rentes pathologies et proposer des solutions correctives. BET SKIREDJ peut aussi accompagner ses clients dans la mise en place de missions de monitoring d\u2019ouvrages d\u2019art, pour des ouvrages qui sont en fin de vie. Sauvegarder les ouvrages ou choisir de les condamner. Les clients typiquement sont des communes ou l\u2019Etat, ou le minist\u00e8re de l\u2019\u00e9quipement.<\/p>\n<p>&nbsp;<\/p>\n<h2>Quelques r\u00e9f\u00e9rences ?<\/h2>\n<p><em>\u00ab\u00a0Nous avons construit le d\u00e9doublement du <a href=\"https:\/\/betskiredj.com\/www\/projet\/pont-de-malabata\/\">pont de Malabata<\/a>. Il faut savoir qu\u2019\u00e0 l\u2019\u00e9poque (2000), c\u2019\u00e9tait la soci\u00e9t\u00e9 de l\u2019am\u00e9nagement de la baie de Tanger qui avait choisi d\u2019\u00e9largir cette route-l\u00e0, donc nous avons construit un nouvel ouvrage l\u00e0-bas, pour d\u00e9doubler et \u00e9largir l\u2019avant. Il y d\u2019autres ouvrages qu\u2019on a pu construire aussi dans des campagnes pour cr\u00e9er, justement, et amener l\u2019infrastructure routi\u00e8re. Un ouvrage d\u2019art permet aussi de supporter une route, dans un franchissement d\u2019une br\u00e8che, ce qui est un d\u00e9faut topographique local, qu\u2019il soit une br\u00e8che d\u2019eau ou une br\u00e8che singuli\u00e8re de montagne, etc. On a aussi r\u00e9alis\u00e9 d\u2019autres ouvrages dans la r\u00e9gion de Tanger et au Nord du Maroc.\u00a0\u00bb<\/em><\/p>\n","protected":false},"excerpt":{"rendered":"<p>Qu\u2019est-ce qu\u2019une expertise en ouvrage d\u2019art ? Les ouvrages d\u2019art sont la d\u00e9nomination des gens du m\u00e9tier des ponts et des ouvrages particuliers. Une expertise en ouvrage d\u2019art c\u2019est savoir concevoir, calculer, dimensionner un pont, savoir comment il va se comporter en fonction des charges qu\u2019il va recevoir, savoir aussi dimensionner tous les \u00e9l\u00e9ments qui [&hellip;]<\/p>\n","protected":false},"author":2,"featured_media":0,"parent":2582,"menu_order":0,"comment_status":"closed","ping_status":"closed","template":"","meta":{"_acf_changed":false,"footnotes":""},"folder":[202],"class_list":["post-6399","page","type-page","status-publish","hentry"],"acf":[],"_links":{"self":[{"href":"https:\/\/betskiredj.com\/www\/wp-json\/wp\/v2\/pages\/6399","targetHints":{"allow":["GET"]}}],"collection":[{"href":"https:\/\/betskiredj.com\/www\/wp-json\/wp\/v2\/pages"}],"about":[{"href":"https:\/\/betskiredj.com\/www\/wp-json\/wp\/v2\/types\/page"}],"author":[{"embeddable":true,"href":"https:\/\/betskiredj.com\/www\/wp-json\/wp\/v2\/users\/2"}],"replies":[{"embeddable":true,"href":"https:\/\/betskiredj.com\/www\/wp-json\/wp\/v2\/comments?post=6399"}],"version-history":[{"count":0,"href":"https:\/\/betskiredj.com\/www\/wp-json\/wp\/v2\/pages\/6399\/revisions"}],"up":[{"embeddable":true,"href":"https:\/\/betskiredj.com\/www\/wp-json\/wp\/v2\/pages\/2582"}],"wp:attachment":[{"href":"https:\/\/betskiredj.com\/www\/wp-json\/wp\/v2\/media?parent=6399"}],"wp:term":[{"taxonomy":"folder","embeddable":true,"href":"https:\/\/betskiredj.com\/www\/wp-json\/wp\/v2\/folder?post=6399"}],"curies":[{"name":"wp","href":"https:\/\/api.w.org\/{rel}","templated":true}]}}