{"id":6409,"date":"2021-11-29T14:36:57","date_gmt":"2021-11-29T13:36:57","guid":{"rendered":"https:\/\/betskiredj.com\/www\/?page_id=6409"},"modified":"2021-12-28T12:37:58","modified_gmt":"2021-12-28T11:37:58","slug":"voirie-reseaux-divers","status":"publish","type":"page","link":"https:\/\/betskiredj.com\/www\/ouvrages-darts\/voirie-reseaux-divers\/","title":{"rendered":"Voirie et r\u00e9seaux divers"},"content":{"rendered":"<h2>Qu&rsquo;est-ce qu&rsquo;une expertise en voirie et r\u00e9seaux divers ?<\/h2>\n<p>La voirie et les r\u00e9seaux divers concernent toutes les \u00e9tudes des r\u00e9seaux\u00a0; c\u2019est-\u00e0-dire l\u2019assainissement public, l\u2019adduction d\u2019eau potable, l\u2019\u00e9lectricit\u00e9, qui longe les voies et qui permet l\u2019\u00e9clairage public notamment. Les r\u00e9seaux divers sont l\u2019assainissement \u00e0 l\u2019adduction d\u2019eau potable, etc. La voirie rejoint l\u2019expertise en <a href=\"https:\/\/betskiredj.com\/www\/ouvrages-darts\/trace-routier\/\"><u>trac\u00e9 routier<\/u><\/a> mais dans une \u00e9chelle plus urbaine. Le trac\u00e9 routier concerne les \u00e9chelles interurbaines, les d\u00e9partementales ou les routes nationales. La voirie va \u00eatre au niveau local, c\u2019est-\u00e0-dire au niveau municipal.<\/p>\n<p>Au niveau d\u2019un centre-ville, on peut faire des \u00e9tudes de voirie pour s\u2019assurer, par exemple, que le trac\u00e9 d\u2019un rond-point, ou d\u2019un giratoire comme on l\u2019appelle, est juste. On peut faire de la voirie pour am\u00e9liorer le drainage, c\u2019est-\u00e0-dire la circulation de l\u2019eau dans cette ville, ou dans cette zone. C\u2019est ce qu\u2019on appelle la voirie et les r\u00e9seaux divers.<\/p>\n<p>&nbsp;<\/p>\n<p><a href=\"https:\/\/betskiredj.com\/www\/wp-content\/uploads\/2016\/01\/VRD-Route-e1454074070500.jpg\"><img fetchpriority=\"high\" decoding=\"async\" class=\"aligncenter wp-image-426 size-full\" src=\"https:\/\/betskiredj.com\/www\/wp-content\/uploads\/2016\/01\/VRD-Route-e1454074070500.jpg\" alt=\"\" width=\"1038\" height=\"459\" srcset=\"https:\/\/betskiredj.com\/www\/wp-content\/uploads\/2016\/01\/VRD-Route-e1454074070500.jpg 1038w, https:\/\/betskiredj.com\/www\/wp-content\/uploads\/2016\/01\/VRD-Route-e1454074070500-300x133.jpg 300w, https:\/\/betskiredj.com\/www\/wp-content\/uploads\/2016\/01\/VRD-Route-e1454074070500-768x340.jpg 768w, https:\/\/betskiredj.com\/www\/wp-content\/uploads\/2016\/01\/VRD-Route-e1454074070500-1024x453.jpg 1024w\" sizes=\"(max-width: 1038px) 100vw, 1038px\" \/><\/a><\/p>\n<p>&nbsp;<\/p>\n<p>&nbsp;<\/p>\n<p>&nbsp;<\/p>\n<h2>Quels sont les plus de BET SKIREDJ ?<\/h2>\n<p>L\u2019expertise voirie de BET SKIREDJ permet d\u2019offrir une solution int\u00e9gr\u00e9e, par exemple pour les lotissements. Aujourd\u2019hui, quand on fait des \u00e9tudes de lotissements, en g\u00e9n\u00e9ral il y a un bureau d\u2019\u00e9tude de voirie et de r\u00e9seaux divers, qui commence par \u00e9tudier les r\u00e9seaux, et ensuite un bureau d\u2019\u00e9tude dans le b\u00e2timent. Le fait de ma\u00eetriser le sujet au niveau local, c\u2019est-\u00e0-dire municipalit\u00e9 ou lotissement, nous permet de proposer une offre int\u00e9gr\u00e9e \u00e0 nos clients, et donc de faire une \u00e9tude de A \u00e0 Z du lotissement. L\u2019atout BET SKIREDJ est d\u2019\u00eatre un bureau multi disciplinaires ! Autre avantage pour nos clients: avoir un seul interlocuteur ! Le fait de g\u00e9rer les interfaces entre les voiries et les b\u00e2timents dans la m\u00eame \u00e9quipe permet de simplifier les \u00e9changes et de garantir un budget optimis\u00e9.<em>\u00a0<\/em><\/p>\n<p>&nbsp;<\/p>\n<h2>Quelques r\u00e9f\u00e9rences ?<\/h2>\n<p>BET SKIREDJ a travaill\u00e9 l&rsquo;expertise en voirie et r\u00e9seaux divers dans tous ses projets de complexes immobiliers, notamment par exemple : Marwa, qui est au centre-ville de Tanger, ou <a href=\"https:\/\/betskiredj.com\/www\/projet\/residences-shakira-tranche-2\/\">Shakira<\/a>, situ\u00e9 en face de la route de Rabat, ou les complexes immobiliers de la zone industrielle Al Majd\u2026<\/p>\n<p>&nbsp;<\/p>\n<p><a href=\"https:\/\/betskiredj.com\/www\/wp-content\/uploads\/2016\/01\/cropped-4_VRD-1024x307.jpg\"><img decoding=\"async\" class=\"aligncenter wp-image-142 size-full\" src=\"https:\/\/betskiredj.com\/www\/wp-content\/uploads\/2016\/01\/cropped-4_VRD-1024x307.jpg\" alt=\"\" width=\"1024\" height=\"247\" \/><\/a><\/p>\n","protected":false},"excerpt":{"rendered":"<p>Qu&rsquo;est-ce qu&rsquo;une expertise en voirie et r\u00e9seaux divers ? La voirie et les r\u00e9seaux divers concernent toutes les \u00e9tudes des r\u00e9seaux\u00a0; c\u2019est-\u00e0-dire l\u2019assainissement public, l\u2019adduction d\u2019eau potable, l\u2019\u00e9lectricit\u00e9, qui longe les voies et qui permet l\u2019\u00e9clairage public notamment. Les r\u00e9seaux divers sont l\u2019assainissement \u00e0 l\u2019adduction d\u2019eau potable, etc. La voirie rejoint l\u2019expertise en trac\u00e9 routier [&hellip;]<\/p>\n","protected":false},"author":2,"featured_media":0,"parent":2582,"menu_order":0,"comment_status":"closed","ping_status":"closed","template":"","meta":{"_acf_changed":false,"footnotes":""},"folder":[202],"class_list":["post-6409","page","type-page","status-publish","hentry"],"acf":[],"_links":{"self":[{"href":"https:\/\/betskiredj.com\/www\/wp-json\/wp\/v2\/pages\/6409","targetHints":{"allow":["GET"]}}],"collection":[{"href":"https:\/\/betskiredj.com\/www\/wp-json\/wp\/v2\/pages"}],"about":[{"href":"https:\/\/betskiredj.com\/www\/wp-json\/wp\/v2\/types\/page"}],"author":[{"embeddable":true,"href":"https:\/\/betskiredj.com\/www\/wp-json\/wp\/v2\/users\/2"}],"replies":[{"embeddable":true,"href":"https:\/\/betskiredj.com\/www\/wp-json\/wp\/v2\/comments?post=6409"}],"version-history":[{"count":0,"href":"https:\/\/betskiredj.com\/www\/wp-json\/wp\/v2\/pages\/6409\/revisions"}],"up":[{"embeddable":true,"href":"https:\/\/betskiredj.com\/www\/wp-json\/wp\/v2\/pages\/2582"}],"wp:attachment":[{"href":"https:\/\/betskiredj.com\/www\/wp-json\/wp\/v2\/media?parent=6409"}],"wp:term":[{"taxonomy":"folder","embeddable":true,"href":"https:\/\/betskiredj.com\/www\/wp-json\/wp\/v2\/folder?post=6409"}],"curies":[{"name":"wp","href":"https:\/\/api.w.org\/{rel}","templated":true}]}}