{"id":6411,"date":"2021-11-29T14:46:12","date_gmt":"2021-11-29T13:46:12","guid":{"rendered":"https:\/\/betskiredj.com\/www\/?page_id=6411"},"modified":"2021-12-28T14:27:28","modified_gmt":"2021-12-28T13:27:28","slug":"infrastructure-ferroviaire","status":"publish","type":"page","link":"https:\/\/betskiredj.com\/www\/ouvrages-darts\/infrastructure-ferroviaire\/","title":{"rendered":"Infrastructure ferroviaire"},"content":{"rendered":"<h2>Qu&rsquo;est-ce que la sp\u00e9cialit\u00e9 de l\u2019infrastructure ferroviaire ?<\/h2>\n<p>La sp\u00e9cialit\u00e9 de l\u2019infrastructure ferroviaire concerne le terrassement et toute la partie plateforme ferroviaire, de l\u2019\u00e9tude du ballast au rail. Il faut savoir que sur les infrastructures ferroviaires, il existe aussi des syst\u00e8mes \u00e9lectriques qui permettent de d\u00e9tecter des d\u00e9fauts de ligne et qui permettent d\u2019avertir les conducteurs de trains d\u2019un probl\u00e8me car arr\u00eater un train, en fonction de sa vitesse, peut demander une distance importante. L\u2019expertise en infrastructure ferroviaire, consiste \u00e0 \u00e9tudier tout le syst\u00e8me int\u00e9gr\u00e9 et \u00e0 composer avec les multitudes sous disciplines, tels que le g\u00e9nie civil, les <a href=\"https:\/\/betskiredj.com\/www\/ouvrages-darts\/\">travaux publics et les ouvrages d\u2019art<\/a>, afin de proposer des solutions compl\u00e8tes.<br \/>\nC\u2019est une sp\u00e9cialit\u00e9 qui est multidisciplinaire et complexe.<\/p>\n<p>&nbsp;<\/p>\n<p><em><strong>\u00ab\u00a0<\/strong>Le fait d\u2019avoir plusieurs ann\u00e9es \u00e0 notre actif dans le milieu de la construction est un plus, dans la mesure o\u00f9 \u00e7a nous permet de mieux entreprendre les d\u00e9fis de demain. Aujourd\u2019hui, nous avons \u00e0 peu pr\u00e8s 1000 projets \u00e0 notre actif, toutes sp\u00e9cialit\u00e9s confondues, pour pr\u00e9voir des infrastructures comme \u00e7a, il faut effectivement ma\u00eetriser tous les autres sujets et ma\u00eetriser encore une fois les interfaces. Le terrassier va donner des contraintes, le trac\u00e9 va en donner d\u2019autres, l\u2019\u00e9lectrisation de la ligne et toute la partie process encore d\u2019autres\u2026 C\u2019est justement ce consortium de contraintes qui va permettre de d\u00e9finir le point central et r\u00e9pondre au projet de mani\u00e8re optimum\u00a0\u00bb.<\/em><\/p>\n","protected":false},"excerpt":{"rendered":"<p>Qu&rsquo;est-ce que la sp\u00e9cialit\u00e9 de l\u2019infrastructure ferroviaire ? La sp\u00e9cialit\u00e9 de l\u2019infrastructure ferroviaire concerne le terrassement et toute la partie plateforme ferroviaire, de l\u2019\u00e9tude du ballast au rail. Il faut savoir que sur les infrastructures ferroviaires, il existe aussi des syst\u00e8mes \u00e9lectriques qui permettent de d\u00e9tecter des d\u00e9fauts de ligne et qui permettent d\u2019avertir les [&hellip;]<\/p>\n","protected":false},"author":2,"featured_media":0,"parent":2582,"menu_order":0,"comment_status":"closed","ping_status":"closed","template":"","meta":{"_acf_changed":false,"footnotes":""},"folder":[202],"class_list":["post-6411","page","type-page","status-publish","hentry"],"acf":[],"_links":{"self":[{"href":"https:\/\/betskiredj.com\/www\/wp-json\/wp\/v2\/pages\/6411","targetHints":{"allow":["GET"]}}],"collection":[{"href":"https:\/\/betskiredj.com\/www\/wp-json\/wp\/v2\/pages"}],"about":[{"href":"https:\/\/betskiredj.com\/www\/wp-json\/wp\/v2\/types\/page"}],"author":[{"embeddable":true,"href":"https:\/\/betskiredj.com\/www\/wp-json\/wp\/v2\/users\/2"}],"replies":[{"embeddable":true,"href":"https:\/\/betskiredj.com\/www\/wp-json\/wp\/v2\/comments?post=6411"}],"version-history":[{"count":0,"href":"https:\/\/betskiredj.com\/www\/wp-json\/wp\/v2\/pages\/6411\/revisions"}],"up":[{"embeddable":true,"href":"https:\/\/betskiredj.com\/www\/wp-json\/wp\/v2\/pages\/2582"}],"wp:attachment":[{"href":"https:\/\/betskiredj.com\/www\/wp-json\/wp\/v2\/media?parent=6411"}],"wp:term":[{"taxonomy":"folder","embeddable":true,"href":"https:\/\/betskiredj.com\/www\/wp-json\/wp\/v2\/folder?post=6411"}],"curies":[{"name":"wp","href":"https:\/\/api.w.org\/{rel}","templated":true}]}}