{"id":6414,"date":"2021-11-29T14:47:45","date_gmt":"2021-11-29T13:47:45","guid":{"rendered":"https:\/\/betskiredj.com\/www\/?page_id=6414"},"modified":"2021-12-21T11:18:46","modified_gmt":"2021-12-21T10:18:46","slug":"genie-civil-hydraulique","status":"publish","type":"page","link":"https:\/\/betskiredj.com\/www\/genie-civil\/genie-civil-hydraulique\/","title":{"rendered":"G\u00e9nie civil hydraulique"},"content":{"rendered":"<p>Le g\u00e9nie civil comprend toutes les sp\u00e9cialit\u00e9s particuli\u00e8res qui sont entre le b\u00e2timent et les travaux publics. On parle notamment de g\u00e9nie civil hydraulique, pour tout ce qui concerne les stations d\u2019\u00e9puration et les stations de traitement d\u2019eau, les bassins de stockages d\u2019eau\u2026 Il fait intervenir les sp\u00e9cialit\u00e9s comme le b\u00e9ton, comme la charpente m\u00e9tallique, qui sont des sp\u00e9cialit\u00e9s que nous avons vues dans notre <a href=\"https:\/\/betskiredj.com\/www\/batiment\/\">expertise b\u00e2timent.<\/a> Les barrages notamment font appel \u00e0 du g\u00e9nie civil hydraulique. Il existe aussi des stations d\u2019\u00e9puration, ou des bassins dans le cadre des process d\u2019usines qu\u2019on peut dimensionner, calculer et optimiser.<\/p>\n<p>Dans le cadre de nos projets en g\u00e9nie civil hydraulique, BET SKIREDJ a par exemple construit des bassins de r\u00e9tention pour des industriels, notamment dans les zones franches de Tanger.<\/p>\n","protected":false},"excerpt":{"rendered":"<p>Le g\u00e9nie civil comprend toutes les sp\u00e9cialit\u00e9s particuli\u00e8res qui sont entre le b\u00e2timent et les travaux publics. On parle notamment de g\u00e9nie civil hydraulique, pour tout ce qui concerne les stations d\u2019\u00e9puration et les stations de traitement d\u2019eau, les bassins de stockages d\u2019eau\u2026 Il fait intervenir les sp\u00e9cialit\u00e9s comme le b\u00e9ton, comme la charpente m\u00e9tallique, [&hellip;]<\/p>\n","protected":false},"author":2,"featured_media":0,"parent":2586,"menu_order":0,"comment_status":"closed","ping_status":"closed","template":"","meta":{"_acf_changed":false,"footnotes":""},"folder":[202],"class_list":["post-6414","page","type-page","status-publish","hentry"],"acf":[],"_links":{"self":[{"href":"https:\/\/betskiredj.com\/www\/wp-json\/wp\/v2\/pages\/6414","targetHints":{"allow":["GET"]}}],"collection":[{"href":"https:\/\/betskiredj.com\/www\/wp-json\/wp\/v2\/pages"}],"about":[{"href":"https:\/\/betskiredj.com\/www\/wp-json\/wp\/v2\/types\/page"}],"author":[{"embeddable":true,"href":"https:\/\/betskiredj.com\/www\/wp-json\/wp\/v2\/users\/2"}],"replies":[{"embeddable":true,"href":"https:\/\/betskiredj.com\/www\/wp-json\/wp\/v2\/comments?post=6414"}],"version-history":[{"count":0,"href":"https:\/\/betskiredj.com\/www\/wp-json\/wp\/v2\/pages\/6414\/revisions"}],"up":[{"embeddable":true,"href":"https:\/\/betskiredj.com\/www\/wp-json\/wp\/v2\/pages\/2586"}],"wp:attachment":[{"href":"https:\/\/betskiredj.com\/www\/wp-json\/wp\/v2\/media?parent=6414"}],"wp:term":[{"taxonomy":"folder","embeddable":true,"href":"https:\/\/betskiredj.com\/www\/wp-json\/wp\/v2\/folder?post=6414"}],"curies":[{"name":"wp","href":"https:\/\/api.w.org\/{rel}","templated":true}]}}