{"id":6418,"date":"2021-11-29T15:01:58","date_gmt":"2021-11-29T14:01:58","guid":{"rendered":"https:\/\/betskiredj.com\/www\/?page_id=6418"},"modified":"2021-12-21T11:20:41","modified_gmt":"2021-12-21T10:20:41","slug":"genie-civil-maritime","status":"publish","type":"page","link":"https:\/\/betskiredj.com\/www\/genie-civil\/genie-civil-maritime\/","title":{"rendered":"G\u00e9nie civil maritime"},"content":{"rendered":"<p>Le g\u00e9nie civil maritime consiste \u00e0 dimensionner des quais, des digues, et tous les ouvrages qui sont en bord de mer. Il faut savoir que tous les facteurs en bord de mer sont tr\u00e8s accentu\u00e9s, notamment tout ce qui concerne la houle, les vagues\u2026 donc \u00e7a va permettre justement de maitriser le d\u00e9placement de ces \u00e9quipements-l\u00e0, qui sont des \u00e9quipements lourds.<\/p>\n<p>Actuellement, BET SKIREDJ finalise un projet dans l\u2019\u00e9cosyst\u00e8me de Tanger Med. Il s\u2019agit de b\u00e2timents op\u00e9rationnels pour lesquels nous mettons en oeuvre notre <a href=\"https:\/\/betskiredj.com\/www\/batiment\/\">expertise en b\u00e2timent<\/a>.<\/p>\n","protected":false},"excerpt":{"rendered":"<p>Le g\u00e9nie civil maritime consiste \u00e0 dimensionner des quais, des digues, et tous les ouvrages qui sont en bord de mer. Il faut savoir que tous les facteurs en bord de mer sont tr\u00e8s accentu\u00e9s, notamment tout ce qui concerne la houle, les vagues\u2026 donc \u00e7a va permettre justement de maitriser le d\u00e9placement de ces [&hellip;]<\/p>\n","protected":false},"author":2,"featured_media":0,"parent":2586,"menu_order":0,"comment_status":"closed","ping_status":"closed","template":"","meta":{"_acf_changed":false,"footnotes":""},"folder":[202],"class_list":["post-6418","page","type-page","status-publish","hentry"],"acf":[],"_links":{"self":[{"href":"https:\/\/betskiredj.com\/www\/wp-json\/wp\/v2\/pages\/6418","targetHints":{"allow":["GET"]}}],"collection":[{"href":"https:\/\/betskiredj.com\/www\/wp-json\/wp\/v2\/pages"}],"about":[{"href":"https:\/\/betskiredj.com\/www\/wp-json\/wp\/v2\/types\/page"}],"author":[{"embeddable":true,"href":"https:\/\/betskiredj.com\/www\/wp-json\/wp\/v2\/users\/2"}],"replies":[{"embeddable":true,"href":"https:\/\/betskiredj.com\/www\/wp-json\/wp\/v2\/comments?post=6418"}],"version-history":[{"count":0,"href":"https:\/\/betskiredj.com\/www\/wp-json\/wp\/v2\/pages\/6418\/revisions"}],"up":[{"embeddable":true,"href":"https:\/\/betskiredj.com\/www\/wp-json\/wp\/v2\/pages\/2586"}],"wp:attachment":[{"href":"https:\/\/betskiredj.com\/www\/wp-json\/wp\/v2\/media?parent=6418"}],"wp:term":[{"taxonomy":"folder","embeddable":true,"href":"https:\/\/betskiredj.com\/www\/wp-json\/wp\/v2\/folder?post=6418"}],"curies":[{"name":"wp","href":"https:\/\/api.w.org\/{rel}","templated":true}]}}